{"id":178,"date":"2023-08-28T02:19:11","date_gmt":"2023-08-28T00:19:11","guid":{"rendered":"http:\/\/dermaline-co.pl\/?page_id=178"},"modified":"2023-10-01T20:47:39","modified_gmt":"2023-10-01T18:47:39","slug":"elementor-178","status":"publish","type":"page","link":"https:\/\/dermaline-co.pl\/?page_id=178","title":{"rendered":""},"content":{"rendered":"\t\t<div data-elementor-type=\"wp-page\" data-elementor-id=\"178\" class=\"elementor elementor-178\">\n\t\t\t\t\t\t<section class=\"elementor-section elementor-top-section elementor-element elementor-element-4dafaf0 elementor-section-boxed elementor-section-height-default elementor-section-height-default wpr-particle-no wpr-jarallax-no wpr-parallax-no wpr-sticky-section-no wpr-equal-height-no\" data-id=\"4dafaf0\" data-element_type=\"section\" data-e-type=\"section\">\n\t\t\t\t\t\t<div class=\"elementor-container elementor-column-gap-default\">\n\t\t\t\t\t<div class=\"elementor-column elementor-col-100 elementor-top-column elementor-element elementor-element-af3d5b4\" data-id=\"af3d5b4\" data-element_type=\"column\" data-e-type=\"column\">\n\t\t\t<div class=\"elementor-widget-wrap elementor-element-populated\">\n\t\t\t\t\t\t<div class=\"elementor-element elementor-element-7488b86 elementor-widget elementor-widget-text-editor\" data-id=\"7488b86\" data-element_type=\"widget\" data-e-type=\"widget\" data-widget_type=\"text-editor.default\">\n\t\t\t\t<div class=\"elementor-widget-container\">\n\t\t\t\t\t\t\t\t\t<p>Home \/ AQUA PROTECT &#8211; PROGRAM PIEL\u0118GNACJI DOMOWEJ \/ POZABIEGOWEJ<\/p>\t\t\t\t\t\t\t\t<\/div>\n\t\t\t\t<\/div>\n\t\t\t\t<div class=\"elementor-element elementor-element-244a516 elementor-widget elementor-widget-heading\" data-id=\"244a516\" data-element_type=\"widget\" data-e-type=\"widget\" data-widget_type=\"heading.default\">\n\t\t\t\t<div class=\"elementor-widget-container\">\n\t\t\t\t\t<h2 class=\"elementor-heading-title elementor-size-default\"><h1 style=\"margin: 0px;padding: 0px 0px 10px;border: 0px;font-size: 30px;vertical-align: baseline;background-image: initial;background-position: initial;background-size: initial;background-repeat: initial;background-attachment: initial;line-height: 1em;font-family: Roboto, Helvetica, Arial, Lucida, sans-serif\">AQUA PROTECT - PROGRAM PIEL\u0118GNACJI DOMOWEJ \/ POZABIEGOWEJ<\/h1><\/h2>\t\t\t\t<\/div>\n\t\t\t\t<\/div>\n\t\t\t\t<div class=\"elementor-element elementor-element-794c971 eael-product-grid-column-4 elementor-widget elementor-widget-eicon-woocommerce\" data-id=\"794c971\" data-element_type=\"widget\" data-e-type=\"widget\" data-widget_type=\"eicon-woocommerce.default\">\n\t\t\t\t<div class=\"elementor-widget-container\">\n\t\t\t\t\t\n        <div class=\"eael-product-grid eael-product-simple masonry\" id=\"eael-product-grid\" data-widget-id=\"794c971\" data-page-id=\"178\" data-nonce=\"5a3379670c\" >\n            <div class=\"woocommerce\">\n                <ul class=\"products eael-post-appender eael-post-appender-794c971\" data-ssi-desktop=\"no\" data-ssi-tablet=\"no\" data-ssi-mobile=\"no\" data-layout-mode=\"masonry\"> <li class=\"product \">\n<div class=\"eael-product-wrap\" data-src=\"\" data-src-hover=\"\">\n    <img fetchpriority=\"high\" decoding=\"async\" width=\"300\" height=\"300\" src=\"https:\/\/dermaline-co.pl\/wp-content\/uploads\/2023\/08\/19.-HRTAPL200-HYDRO-REFRESH-TONER-200ml-300x300.jpg\" class=\"attachment-woocommerce_thumbnail size-woocommerce_thumbnail wvs-archive-product-image\" alt=\"HYDRO REFRESH TONER\" loading=\"eager\" srcset=\"https:\/\/dermaline-co.pl\/wp-content\/uploads\/2023\/08\/19.-HRTAPL200-HYDRO-REFRESH-TONER-200ml-300x300.jpg 300w, https:\/\/dermaline-co.pl\/wp-content\/uploads\/2023\/08\/19.-HRTAPL200-HYDRO-REFRESH-TONER-200ml-1024x1024.jpg 1024w, https:\/\/dermaline-co.pl\/wp-content\/uploads\/2023\/08\/19.-HRTAPL200-HYDRO-REFRESH-TONER-200ml-150x150.jpg 150w, https:\/\/dermaline-co.pl\/wp-content\/uploads\/2023\/08\/19.-HRTAPL200-HYDRO-REFRESH-TONER-200ml-768x768.jpg 768w, https:\/\/dermaline-co.pl\/wp-content\/uploads\/2023\/08\/19.-HRTAPL200-HYDRO-REFRESH-TONER-200ml-1536x1536.jpg 1536w, https:\/\/dermaline-co.pl\/wp-content\/uploads\/2023\/08\/19.-HRTAPL200-HYDRO-REFRESH-TONER-200ml-600x600.jpg 600w, https:\/\/dermaline-co.pl\/wp-content\/uploads\/2023\/08\/19.-HRTAPL200-HYDRO-REFRESH-TONER-200ml-100x100.jpg 100w, https:\/\/dermaline-co.pl\/wp-content\/uploads\/2023\/08\/19.-HRTAPL200-HYDRO-REFRESH-TONER-200ml.jpg 2048w\" sizes=\"(max-width: 300px) 100vw, 300px\" \/><div class=\"eael-product-title\">\n    <a href=\"https:\/\/dermaline-co.pl\/?product=hydro-refresh-toner\" class=\"woocommerce-LoopProduct-link woocommerce-loop-product__link\"><h2 class=\"woocommerce-loop-product__title\">HYDRO REFRESH TONER<\/h2><\/a>\n    <\/div><div class=\"eael-product-price\"><span class=\"woocommerce-Price-amount amount\"><bdi>338,25&nbsp;<span class=\"woocommerce-Price-currencySymbol\">&#122;&#322;<\/span><\/bdi><\/span><\/div>    <a href=\"\/index.php?rest_route=%2Fwp%2Fv2%2Fpages%2F178&#038;add-to-cart=39\" aria-describedby=\"woocommerce_loop_add_to_cart_link_describedby_39\" data-quantity=\"1\" class=\"button product_type_simple add_to_cart_button ajax_add_to_cart\" data-product_id=\"39\" data-product_sku=\"HRTAPL200\" aria-label=\"Dodaj do koszyka: &bdquo;HYDRO REFRESH TONER&rdquo;\" rel=\"nofollow\" data-success_message=\"&ldquo;HYDRO REFRESH TONER&rdquo; zosta\u0142 dodany do twojego koszyka\" role=\"button\">Dodaj do koszyka<\/a>\t<span id=\"woocommerce_loop_add_to_cart_link_describedby_39\" class=\"screen-reader-text\">\n\t\t\t<\/span>\n    \n<\/div>\n\n<\/li> <li class=\"product \">\n<div class=\"eael-product-wrap\" data-src=\"\" data-src-hover=\"\">\n    <img decoding=\"async\" width=\"300\" height=\"300\" src=\"https:\/\/dermaline-co.pl\/wp-content\/uploads\/2023\/08\/22.-BFAAPL75-BIO-HYALURON-FLUID-AMPOULE-75ml-300x300.jpg\" class=\"attachment-woocommerce_thumbnail size-woocommerce_thumbnail wvs-archive-product-image\" alt=\"BIO HYALURON FLUID AMPOULE\" loading=\"eager\" srcset=\"https:\/\/dermaline-co.pl\/wp-content\/uploads\/2023\/08\/22.-BFAAPL75-BIO-HYALURON-FLUID-AMPOULE-75ml-300x300.jpg 300w, https:\/\/dermaline-co.pl\/wp-content\/uploads\/2023\/08\/22.-BFAAPL75-BIO-HYALURON-FLUID-AMPOULE-75ml-1024x1024.jpg 1024w, https:\/\/dermaline-co.pl\/wp-content\/uploads\/2023\/08\/22.-BFAAPL75-BIO-HYALURON-FLUID-AMPOULE-75ml-150x150.jpg 150w, https:\/\/dermaline-co.pl\/wp-content\/uploads\/2023\/08\/22.-BFAAPL75-BIO-HYALURON-FLUID-AMPOULE-75ml-768x768.jpg 768w, https:\/\/dermaline-co.pl\/wp-content\/uploads\/2023\/08\/22.-BFAAPL75-BIO-HYALURON-FLUID-AMPOULE-75ml-1536x1536.jpg 1536w, https:\/\/dermaline-co.pl\/wp-content\/uploads\/2023\/08\/22.-BFAAPL75-BIO-HYALURON-FLUID-AMPOULE-75ml-600x600.jpg 600w, https:\/\/dermaline-co.pl\/wp-content\/uploads\/2023\/08\/22.-BFAAPL75-BIO-HYALURON-FLUID-AMPOULE-75ml-100x100.jpg 100w, https:\/\/dermaline-co.pl\/wp-content\/uploads\/2023\/08\/22.-BFAAPL75-BIO-HYALURON-FLUID-AMPOULE-75ml.jpg 2048w\" sizes=\"(max-width: 300px) 100vw, 300px\" \/><div class=\"eael-product-title\">\n    <a href=\"https:\/\/dermaline-co.pl\/?product=bio-hyaluron-fluid-ampoule\" class=\"woocommerce-LoopProduct-link woocommerce-loop-product__link\"><h2 class=\"woocommerce-loop-product__title\">BIO HYALURON FLUID AMPOULE<\/h2><\/a>\n    <\/div><div class=\"eael-product-price\"><span class=\"woocommerce-Price-amount amount\"><bdi>461,25&nbsp;<span class=\"woocommerce-Price-currencySymbol\">&#122;&#322;<\/span><\/bdi><\/span><\/div>    <a href=\"\/index.php?rest_route=%2Fwp%2Fv2%2Fpages%2F178&#038;add-to-cart=40\" aria-describedby=\"woocommerce_loop_add_to_cart_link_describedby_40\" data-quantity=\"1\" class=\"button product_type_simple add_to_cart_button ajax_add_to_cart\" data-product_id=\"40\" data-product_sku=\"BFAAPL75\" aria-label=\"Dodaj do koszyka: &bdquo;BIO HYALURON FLUID AMPOULE&rdquo;\" rel=\"nofollow\" data-success_message=\"&ldquo;BIO HYALURON FLUID AMPOULE&rdquo; zosta\u0142 dodany do twojego koszyka\" role=\"button\">Dodaj do koszyka<\/a>\t<span id=\"woocommerce_loop_add_to_cart_link_describedby_40\" class=\"screen-reader-text\">\n\t\t\t<\/span>\n    \n<\/div>\n\n<\/li> <li class=\"product \">\n<div class=\"eael-product-wrap\" data-src=\"\" data-src-hover=\"\">\n    <img decoding=\"async\" width=\"300\" height=\"300\" src=\"https:\/\/dermaline-co.pl\/wp-content\/uploads\/2023\/08\/23.-HMDAPL150-HYDRATING-MOISTURE-DEW-300x300.jpg\" class=\"attachment-woocommerce_thumbnail size-woocommerce_thumbnail wvs-archive-product-image\" alt=\"HYDRATING MOISTURE DEW\" loading=\"eager\" srcset=\"https:\/\/dermaline-co.pl\/wp-content\/uploads\/2023\/08\/23.-HMDAPL150-HYDRATING-MOISTURE-DEW-300x300.jpg 300w, https:\/\/dermaline-co.pl\/wp-content\/uploads\/2023\/08\/23.-HMDAPL150-HYDRATING-MOISTURE-DEW-1024x1024.jpg 1024w, https:\/\/dermaline-co.pl\/wp-content\/uploads\/2023\/08\/23.-HMDAPL150-HYDRATING-MOISTURE-DEW-150x150.jpg 150w, https:\/\/dermaline-co.pl\/wp-content\/uploads\/2023\/08\/23.-HMDAPL150-HYDRATING-MOISTURE-DEW-768x768.jpg 768w, https:\/\/dermaline-co.pl\/wp-content\/uploads\/2023\/08\/23.-HMDAPL150-HYDRATING-MOISTURE-DEW-1536x1536.jpg 1536w, https:\/\/dermaline-co.pl\/wp-content\/uploads\/2023\/08\/23.-HMDAPL150-HYDRATING-MOISTURE-DEW-600x600.jpg 600w, https:\/\/dermaline-co.pl\/wp-content\/uploads\/2023\/08\/23.-HMDAPL150-HYDRATING-MOISTURE-DEW-100x100.jpg 100w, https:\/\/dermaline-co.pl\/wp-content\/uploads\/2023\/08\/23.-HMDAPL150-HYDRATING-MOISTURE-DEW.jpg 2048w\" sizes=\"(max-width: 300px) 100vw, 300px\" \/><div class=\"eael-product-title\">\n    <a href=\"https:\/\/dermaline-co.pl\/?product=hydrating-moisture-dew\" class=\"woocommerce-LoopProduct-link woocommerce-loop-product__link\"><h2 class=\"woocommerce-loop-product__title\">HYDRATING MOISTURE DEW<\/h2><\/a>\n    <\/div><div class=\"eael-product-price\"><span class=\"woocommerce-Price-amount amount\"><bdi>510,45&nbsp;<span class=\"woocommerce-Price-currencySymbol\">&#122;&#322;<\/span><\/bdi><\/span><\/div>    <a href=\"\/index.php?rest_route=%2Fwp%2Fv2%2Fpages%2F178&#038;add-to-cart=43\" aria-describedby=\"woocommerce_loop_add_to_cart_link_describedby_43\" data-quantity=\"1\" class=\"button product_type_simple add_to_cart_button ajax_add_to_cart\" data-product_id=\"43\" data-product_sku=\"HMDAPL150\" aria-label=\"Dodaj do koszyka: &bdquo;HYDRATING MOISTURE DEW&rdquo;\" rel=\"nofollow\" data-success_message=\"&ldquo;HYDRATING MOISTURE DEW&rdquo; zosta\u0142 dodany do twojego koszyka\" role=\"button\">Dodaj do koszyka<\/a>\t<span id=\"woocommerce_loop_add_to_cart_link_describedby_43\" class=\"screen-reader-text\">\n\t\t\t<\/span>\n    \n<\/div>\n\n<\/li> <li class=\"product \">\n<div class=\"eael-product-wrap\" data-src=\"\" data-src-hover=\"\">\n    <img decoding=\"async\" width=\"300\" height=\"300\" src=\"https:\/\/dermaline-co.pl\/wp-content\/uploads\/2023\/08\/25.-HRCAPL80-HYDRO-REFRESH-CREAM-80g-300x300.jpg\" class=\"attachment-woocommerce_thumbnail size-woocommerce_thumbnail wvs-archive-product-image\" alt=\"HYDRO REFRESH CREAM\" loading=\"eager\" srcset=\"https:\/\/dermaline-co.pl\/wp-content\/uploads\/2023\/08\/25.-HRCAPL80-HYDRO-REFRESH-CREAM-80g-300x300.jpg 300w, https:\/\/dermaline-co.pl\/wp-content\/uploads\/2023\/08\/25.-HRCAPL80-HYDRO-REFRESH-CREAM-80g-1024x1024.jpg 1024w, https:\/\/dermaline-co.pl\/wp-content\/uploads\/2023\/08\/25.-HRCAPL80-HYDRO-REFRESH-CREAM-80g-150x150.jpg 150w, https:\/\/dermaline-co.pl\/wp-content\/uploads\/2023\/08\/25.-HRCAPL80-HYDRO-REFRESH-CREAM-80g-768x768.jpg 768w, https:\/\/dermaline-co.pl\/wp-content\/uploads\/2023\/08\/25.-HRCAPL80-HYDRO-REFRESH-CREAM-80g-1536x1536.jpg 1536w, https:\/\/dermaline-co.pl\/wp-content\/uploads\/2023\/08\/25.-HRCAPL80-HYDRO-REFRESH-CREAM-80g-600x600.jpg 600w, https:\/\/dermaline-co.pl\/wp-content\/uploads\/2023\/08\/25.-HRCAPL80-HYDRO-REFRESH-CREAM-80g-100x100.jpg 100w, https:\/\/dermaline-co.pl\/wp-content\/uploads\/2023\/08\/25.-HRCAPL80-HYDRO-REFRESH-CREAM-80g.jpg 2048w\" sizes=\"(max-width: 300px) 100vw, 300px\" \/><div class=\"eael-product-title\">\n    <a href=\"https:\/\/dermaline-co.pl\/?product=hydro-refresh-cream\" class=\"woocommerce-LoopProduct-link woocommerce-loop-product__link\"><h2 class=\"woocommerce-loop-product__title\">HYDRO REFRESH CREAM<\/h2><\/a>\n    <\/div><div class=\"eael-product-price\"><span class=\"woocommerce-Price-amount amount\" aria-hidden=\"true\"><bdi>547,35&nbsp;<span class=\"woocommerce-Price-currencySymbol\">&#122;&#322;<\/span><\/bdi><\/span> <span aria-hidden=\"true\">&ndash;<\/span> <span class=\"woocommerce-Price-amount amount\" aria-hidden=\"true\"><bdi>584,25&nbsp;<span class=\"woocommerce-Price-currencySymbol\">&#122;&#322;<\/span><\/bdi><\/span><span class=\"screen-reader-text\">Zakres cen: od 547,35&nbsp;&#122;&#322; do 584,25&nbsp;&#122;&#322;<\/span><\/div>    <a href=\"https:\/\/dermaline-co.pl\/?product=hydro-refresh-cream\" aria-describedby=\"woocommerce_loop_add_to_cart_link_describedby_44\" data-quantity=\"1\" class=\"button product_type_variable add_to_cart_button\" data-product_id=\"44\" data-product_sku=\"HRCAPL80\" aria-label=\"Wybierz opcje dla &bdquo;HYDRO REFRESH CREAM&rdquo;\" rel=\"nofollow\">Wybierz opcje<\/a>\t<span id=\"woocommerce_loop_add_to_cart_link_describedby_44\" class=\"screen-reader-text\">\n\t\tTen produkt ma wiele wariant\u00f3w. Opcje mo\u017cna wybra\u0107 na stronie produktu\t<\/span>\n    \n<\/div>\n\n<\/li><\/ul>            <\/div>\n        <\/div>\n\n        <script type=\"text\/javascript\">\n            jQuery(document).ready(function($) {\n                var $scope = jQuery(\".elementor-element-794c971\");\n                var $products = $('.products', $scope);\n                var $layout_mode = $products.data('layout-mode');\n                \n                if ( $layout_mode === 'masonry' ) {\n                    \/\/ init isotope\n                    var $isotope_products = $products.isotope({\n                        itemSelector: \"li.product\",\n                        layoutMode: $layout_mode,\n                        percentPosition: true\n                    });\n\n                    $isotope_products.imagesLoaded().progress( function() {\n                        $isotope_products.isotope('layout');\n                    })\n                    \n                }\n            });\n        <\/script>\n        \t\t\t\t<\/div>\n\t\t\t\t<\/div>\n\t\t\t\t\t<\/div>\n\t\t<\/div>\n\t\t\t\t\t<\/div>\n\t\t<\/section>\n\t\t\t\t<\/div>\n\t\t","protected":false},"excerpt":{"rendered":"<p>Home \/ AQUA PROTECT &#8211; PROGRAM PIEL\u0118GNACJI DOMOWEJ \/ POZABIEGOWEJ AQUA PROTECT &#8211; PROGRAM PIEL\u0118GNACJI DOMOWEJ \/ POZABIEGOWEJ HYDRO REFRESH TONER &#122;&#322;338,25 Dodaj do koszyka BIO HYALURON FLUID AMPOULE &#122;&#322;461,25 Dodaj do koszyka NORMALIZING ACNI GEL &#122;&#322;276,75 Dodaj do koszyka NORMALIZING ACNI LOTION &#122;&#322;276,75 Dodaj do koszyka<\/p>\n","protected":false},"author":1,"featured_media":0,"parent":0,"menu_order":0,"comment_status":"closed","ping_status":"closed","template":"","meta":{"_eb_attr":"","footnotes":""},"class_list":["post-178","page","type-page","status-publish","hentry"],"jetpack_sharing_enabled":true,"_links":{"self":[{"href":"https:\/\/dermaline-co.pl\/index.php?rest_route=\/wp\/v2\/pages\/178","targetHints":{"allow":["GET"]}}],"collection":[{"href":"https:\/\/dermaline-co.pl\/index.php?rest_route=\/wp\/v2\/pages"}],"about":[{"href":"https:\/\/dermaline-co.pl\/index.php?rest_route=\/wp\/v2\/types\/page"}],"author":[{"embeddable":true,"href":"https:\/\/dermaline-co.pl\/index.php?rest_route=\/wp\/v2\/users\/1"}],"replies":[{"embeddable":true,"href":"https:\/\/dermaline-co.pl\/index.php?rest_route=%2Fwp%2Fv2%2Fcomments&post=178"}],"version-history":[{"count":11,"href":"https:\/\/dermaline-co.pl\/index.php?rest_route=\/wp\/v2\/pages\/178\/revisions"}],"predecessor-version":[{"id":519,"href":"https:\/\/dermaline-co.pl\/index.php?rest_route=\/wp\/v2\/pages\/178\/revisions\/519"}],"wp:attachment":[{"href":"https:\/\/dermaline-co.pl\/index.php?rest_route=%2Fwp%2Fv2%2Fmedia&parent=178"}],"curies":[{"name":"wp","href":"https:\/\/api.w.org\/{rel}","templated":true}]}}