{"id":184,"date":"2023-08-28T02:23:26","date_gmt":"2023-08-28T00:23:26","guid":{"rendered":"http:\/\/dermaline-co.pl\/?page_id=184"},"modified":"2023-08-30T11:56:04","modified_gmt":"2023-08-30T09:56:04","slug":"elementor-184","status":"publish","type":"page","link":"https:\/\/dermaline-co.pl\/?page_id=184","title":{"rendered":""},"content":{"rendered":"\t\t<div data-elementor-type=\"wp-page\" data-elementor-id=\"184\" class=\"elementor elementor-184\">\n\t\t\t\t\t\t<section class=\"elementor-section elementor-top-section elementor-element elementor-element-ffefdfa elementor-section-boxed elementor-section-height-default elementor-section-height-default wpr-particle-no wpr-jarallax-no wpr-parallax-no wpr-sticky-section-no wpr-equal-height-no\" data-id=\"ffefdfa\" data-element_type=\"section\" data-e-type=\"section\">\n\t\t\t\t\t\t<div class=\"elementor-container elementor-column-gap-default\">\n\t\t\t\t\t<div class=\"elementor-column elementor-col-100 elementor-top-column elementor-element elementor-element-00da07e\" data-id=\"00da07e\" data-element_type=\"column\" data-e-type=\"column\">\n\t\t\t<div class=\"elementor-widget-wrap elementor-element-populated\">\n\t\t\t\t\t\t<div class=\"elementor-element elementor-element-f1a1fba elementor-widget elementor-widget-text-editor\" data-id=\"f1a1fba\" data-element_type=\"widget\" data-e-type=\"widget\" data-widget_type=\"text-editor.default\">\n\t\t\t\t<div class=\"elementor-widget-container\">\n\t\t\t\t\t\t\t\t\t<p><a style=\"text-decoration-line: none; margin: 0px; padding: 0px; border: 0px; outline: 0px; font-size: 12.88px; text-size-adjust: 100%; vertical-align: baseline; background: #ffffff; color: #767676; font-family: Roboto, Helvetica, Arial, Lucida, sans-serif;\" href=\"https:\/\/serwer2379072.home.pl\/autoinstalator\/wordpresswoocommerce2\">Home<\/a><span style=\"color: #767676; font-family: Roboto, Helvetica, Arial, Lucida, sans-serif; font-size: 12.88px;\">\u00a0\/\u00a0NIEZB\u0118DNE PRODUKTY DETALICZNE<\/span><\/p>\t\t\t\t\t\t\t\t<\/div>\n\t\t\t\t<\/div>\n\t\t\t\t<div class=\"elementor-element elementor-element-9b7e36a elementor-widget elementor-widget-heading\" data-id=\"9b7e36a\" data-element_type=\"widget\" data-e-type=\"widget\" data-widget_type=\"heading.default\">\n\t\t\t\t<div class=\"elementor-widget-container\">\n\t\t\t\t\t<h2 class=\"elementor-heading-title elementor-size-default\"><h1 style=\"margin: 0px;padding: 0px 0px 10px;border: 0px;font-size: 30px;vertical-align: baseline;background-image: initial;background-position: initial;background-size: initial;background-repeat: initial;background-attachment: initial;line-height: 1em;font-family: Roboto, Helvetica, Arial, Lucida, sans-serif\">NIEZB\u0118DNE PRODUKTY DETALICZNE<\/h1><\/h2>\t\t\t\t<\/div>\n\t\t\t\t<\/div>\n\t\t\t\t<div class=\"elementor-element elementor-element-4f99dfa eael-product-grid-column-4 elementor-widget elementor-widget-eicon-woocommerce\" data-id=\"4f99dfa\" data-element_type=\"widget\" data-e-type=\"widget\" data-widget_type=\"eicon-woocommerce.default\">\n\t\t\t\t<div class=\"elementor-widget-container\">\n\t\t\t\t\t\n        <div class=\"eael-product-grid eael-product-simple masonry\" id=\"eael-product-grid\" data-widget-id=\"4f99dfa\" data-page-id=\"184\" data-nonce=\"5a3379670c\" >\n            <div class=\"woocommerce\">\n                <ul class=\"products eael-post-appender eael-post-appender-4f99dfa\" data-ssi-desktop=\"no\" data-ssi-tablet=\"no\" data-ssi-mobile=\"no\" data-layout-mode=\"masonry\"> <li class=\"product \">\n<div class=\"eael-product-wrap\" data-src=\"\" data-src-hover=\"\">\n    <img fetchpriority=\"high\" decoding=\"async\" width=\"300\" height=\"300\" src=\"https:\/\/dermaline-co.pl\/wp-content\/uploads\/2023\/08\/PDX-CICA-EXO-AFTERCARE-CREAM-300x300.jpg\" class=\"attachment-woocommerce_thumbnail size-woocommerce_thumbnail wvs-archive-product-image\" alt=\"KREM PIEL\u0118GNACYJNY PDX CICA-EXO\" loading=\"eager\" srcset=\"https:\/\/dermaline-co.pl\/wp-content\/uploads\/2023\/08\/PDX-CICA-EXO-AFTERCARE-CREAM-300x300.jpg 300w, https:\/\/dermaline-co.pl\/wp-content\/uploads\/2023\/08\/PDX-CICA-EXO-AFTERCARE-CREAM-1024x1024.jpg 1024w, https:\/\/dermaline-co.pl\/wp-content\/uploads\/2023\/08\/PDX-CICA-EXO-AFTERCARE-CREAM-150x150.jpg 150w, https:\/\/dermaline-co.pl\/wp-content\/uploads\/2023\/08\/PDX-CICA-EXO-AFTERCARE-CREAM-768x768.jpg 768w, https:\/\/dermaline-co.pl\/wp-content\/uploads\/2023\/08\/PDX-CICA-EXO-AFTERCARE-CREAM-600x600.jpg 600w, https:\/\/dermaline-co.pl\/wp-content\/uploads\/2023\/08\/PDX-CICA-EXO-AFTERCARE-CREAM-100x100.jpg 100w, https:\/\/dermaline-co.pl\/wp-content\/uploads\/2023\/08\/PDX-CICA-EXO-AFTERCARE-CREAM.jpg 1080w\" sizes=\"(max-width: 300px) 100vw, 300px\" \/><div class=\"eael-product-title\">\n    <a href=\"https:\/\/dermaline-co.pl\/?product=krem-pielegnacyjny-pdx-cica-exo\" class=\"woocommerce-LoopProduct-link woocommerce-loop-product__link\"><h2 class=\"woocommerce-loop-product__title\">KREM PIEL\u0118GNACYJNY PDX CICA-EXO<\/h2><\/a>\n    <\/div><div class=\"eael-product-price\"><span class=\"woocommerce-Price-amount amount\"><bdi>448,95&nbsp;<span class=\"woocommerce-Price-currencySymbol\">&#122;&#322;<\/span><\/bdi><\/span><\/div>    <a href=\"\/index.php?rest_route=%2Fwp%2Fv2%2Fpages%2F184&#038;add-to-cart=52\" aria-describedby=\"woocommerce_loop_add_to_cart_link_describedby_52\" data-quantity=\"1\" class=\"button product_type_simple add_to_cart_button ajax_add_to_cart\" data-product_id=\"52\" data-product_sku=\"PDX40\" aria-label=\"Dodaj do koszyka: &bdquo;KREM PIEL\u0118GNACYJNY PDX CICA-EXO&rdquo;\" rel=\"nofollow\" data-success_message=\"&ldquo;KREM PIEL\u0118GNACYJNY PDX CICA-EXO&rdquo; zosta\u0142 dodany do twojego koszyka\" role=\"button\">Dodaj do koszyka<\/a>\t<span id=\"woocommerce_loop_add_to_cart_link_describedby_52\" class=\"screen-reader-text\">\n\t\t\t<\/span>\n    \n<\/div>\n\n<\/li> <li class=\"product \">\n<div class=\"eael-product-wrap\" data-src=\"\" data-src-hover=\"\">\n    <img decoding=\"async\" width=\"300\" height=\"300\" src=\"https:\/\/dermaline-co.pl\/wp-content\/uploads\/2023\/08\/1.-DCMESS150-DEEP-CLEAN-MOISTURE-FOAM-150ml-300x300.jpg\" class=\"attachment-woocommerce_thumbnail size-woocommerce_thumbnail wvs-archive-product-image\" alt=\"DEEP CLEAN MOISTURE FOAM\" loading=\"eager\" srcset=\"https:\/\/dermaline-co.pl\/wp-content\/uploads\/2023\/08\/1.-DCMESS150-DEEP-CLEAN-MOISTURE-FOAM-150ml-300x300.jpg 300w, https:\/\/dermaline-co.pl\/wp-content\/uploads\/2023\/08\/1.-DCMESS150-DEEP-CLEAN-MOISTURE-FOAM-150ml-1024x1024.jpg 1024w, https:\/\/dermaline-co.pl\/wp-content\/uploads\/2023\/08\/1.-DCMESS150-DEEP-CLEAN-MOISTURE-FOAM-150ml-150x150.jpg 150w, https:\/\/dermaline-co.pl\/wp-content\/uploads\/2023\/08\/1.-DCMESS150-DEEP-CLEAN-MOISTURE-FOAM-150ml-768x768.jpg 768w, https:\/\/dermaline-co.pl\/wp-content\/uploads\/2023\/08\/1.-DCMESS150-DEEP-CLEAN-MOISTURE-FOAM-150ml-1536x1536.jpg 1536w, https:\/\/dermaline-co.pl\/wp-content\/uploads\/2023\/08\/1.-DCMESS150-DEEP-CLEAN-MOISTURE-FOAM-150ml-600x600.jpg 600w, https:\/\/dermaline-co.pl\/wp-content\/uploads\/2023\/08\/1.-DCMESS150-DEEP-CLEAN-MOISTURE-FOAM-150ml-100x100.jpg 100w, https:\/\/dermaline-co.pl\/wp-content\/uploads\/2023\/08\/1.-DCMESS150-DEEP-CLEAN-MOISTURE-FOAM-150ml.jpg 2048w\" sizes=\"(max-width: 300px) 100vw, 300px\" \/><div class=\"eael-product-title\">\n    <a href=\"https:\/\/dermaline-co.pl\/?product=deep-clean-moisture-foam\" class=\"woocommerce-LoopProduct-link woocommerce-loop-product__link\"><h2 class=\"woocommerce-loop-product__title\">DEEP CLEAN MOISTURE FOAM<\/h2><\/a>\n    <\/div><div class=\"eael-product-price\"><span class=\"woocommerce-Price-amount amount\"><bdi>325,95&nbsp;<span class=\"woocommerce-Price-currencySymbol\">&#122;&#322;<\/span><\/bdi><\/span><\/div>    <a href=\"\/index.php?rest_route=%2Fwp%2Fv2%2Fpages%2F184&#038;add-to-cart=27\" aria-describedby=\"woocommerce_loop_add_to_cart_link_describedby_27\" data-quantity=\"1\" class=\"button product_type_simple add_to_cart_button ajax_add_to_cart\" data-product_id=\"27\" data-product_sku=\"DCMESS150\" aria-label=\"Dodaj do koszyka: &bdquo;DEEP CLEAN MOISTURE FOAM&rdquo;\" rel=\"nofollow\" data-success_message=\"&ldquo;DEEP CLEAN MOISTURE FOAM&rdquo; zosta\u0142 dodany do twojego koszyka\" role=\"button\">Dodaj do koszyka<\/a>\t<span id=\"woocommerce_loop_add_to_cart_link_describedby_27\" class=\"screen-reader-text\">\n\t\t\t<\/span>\n    \n<\/div>\n\n<\/li> <li class=\"product \">\n<div class=\"eael-product-wrap\" data-src=\"\" data-src-hover=\"\">\n    <img decoding=\"async\" width=\"300\" height=\"300\" src=\"https:\/\/dermaline-co.pl\/wp-content\/uploads\/2023\/08\/8.-PBBESS50-PERFECT-3-SHIELD-BLEMISH-BALM-SPF-50-300x300.jpg\" class=\"attachment-woocommerce_thumbnail size-woocommerce_thumbnail wvs-archive-product-image\" alt=\"PERFECT 3 SHIELD BLEMISH BALM SPF 50 \/ PA+++\" loading=\"eager\" srcset=\"https:\/\/dermaline-co.pl\/wp-content\/uploads\/2023\/08\/8.-PBBESS50-PERFECT-3-SHIELD-BLEMISH-BALM-SPF-50-300x300.jpg 300w, https:\/\/dermaline-co.pl\/wp-content\/uploads\/2023\/08\/8.-PBBESS50-PERFECT-3-SHIELD-BLEMISH-BALM-SPF-50-1024x1024.jpg 1024w, https:\/\/dermaline-co.pl\/wp-content\/uploads\/2023\/08\/8.-PBBESS50-PERFECT-3-SHIELD-BLEMISH-BALM-SPF-50-150x150.jpg 150w, https:\/\/dermaline-co.pl\/wp-content\/uploads\/2023\/08\/8.-PBBESS50-PERFECT-3-SHIELD-BLEMISH-BALM-SPF-50-768x768.jpg 768w, https:\/\/dermaline-co.pl\/wp-content\/uploads\/2023\/08\/8.-PBBESS50-PERFECT-3-SHIELD-BLEMISH-BALM-SPF-50-1536x1536.jpg 1536w, https:\/\/dermaline-co.pl\/wp-content\/uploads\/2023\/08\/8.-PBBESS50-PERFECT-3-SHIELD-BLEMISH-BALM-SPF-50-600x600.jpg 600w, https:\/\/dermaline-co.pl\/wp-content\/uploads\/2023\/08\/8.-PBBESS50-PERFECT-3-SHIELD-BLEMISH-BALM-SPF-50-100x100.jpg 100w, https:\/\/dermaline-co.pl\/wp-content\/uploads\/2023\/08\/8.-PBBESS50-PERFECT-3-SHIELD-BLEMISH-BALM-SPF-50.jpg 2048w\" sizes=\"(max-width: 300px) 100vw, 300px\" \/><div class=\"eael-product-title\">\n    <a href=\"https:\/\/dermaline-co.pl\/?product=perfect-3-shield-blemish-balm-spf-50-pa\" class=\"woocommerce-LoopProduct-link woocommerce-loop-product__link\"><h2 class=\"woocommerce-loop-product__title\">PERFECT 3 SHIELD BLEMISH BALM SPF 50 \/ PA+++<\/h2><\/a>\n    <\/div><div class=\"eael-product-price\"><span class=\"woocommerce-Price-amount amount\"><bdi>430,50&nbsp;<span class=\"woocommerce-Price-currencySymbol\">&#122;&#322;<\/span><\/bdi><\/span><\/div>    <a href=\"\/index.php?rest_route=%2Fwp%2Fv2%2Fpages%2F184&#038;add-to-cart=29\" aria-describedby=\"woocommerce_loop_add_to_cart_link_describedby_29\" data-quantity=\"1\" class=\"button product_type_simple add_to_cart_button ajax_add_to_cart\" data-product_id=\"29\" data-product_sku=\"PBBESS50\" aria-label=\"Dodaj do koszyka: &bdquo;PERFECT 3 SHIELD BLEMISH BALM SPF 50 \/ PA+++&rdquo;\" rel=\"nofollow\" data-success_message=\"&ldquo;PERFECT 3 SHIELD BLEMISH BALM SPF 50 \/ PA+++&rdquo; zosta\u0142 dodany do twojego koszyka\" role=\"button\">Dodaj do koszyka<\/a>\t<span id=\"woocommerce_loop_add_to_cart_link_describedby_29\" class=\"screen-reader-text\">\n\t\t\t<\/span>\n    \n<\/div>\n\n<\/li><\/ul>            <\/div>\n        <\/div>\n\n        <script type=\"text\/javascript\">\n            jQuery(document).ready(function($) {\n                var $scope = jQuery(\".elementor-element-4f99dfa\");\n                var $products = $('.products', $scope);\n                var $layout_mode = $products.data('layout-mode');\n                \n                if ( $layout_mode === 'masonry' ) {\n                    \/\/ init isotope\n                    var $isotope_products = $products.isotope({\n                        itemSelector: \"li.product\",\n                        layoutMode: $layout_mode,\n                        percentPosition: true\n                    });\n\n                    $isotope_products.imagesLoaded().progress( function() {\n                        $isotope_products.isotope('layout');\n                    })\n                    \n                }\n            });\n        <\/script>\n        \t\t\t\t<\/div>\n\t\t\t\t<\/div>\n\t\t\t\t\t<\/div>\n\t\t<\/div>\n\t\t\t\t\t<\/div>\n\t\t<\/section>\n\t\t\t\t<\/div>\n\t\t","protected":false},"excerpt":{"rendered":"<p>Home\u00a0\/\u00a0NIEZB\u0118DNE PRODUKTY DETALICZNE NIEZB\u0118DNE PRODUKTY DETALICZNE KREM PIEL\u0118GNACYJNY PDX CICA-EXO &#122;&#322;448,95 Dodaj do koszyka DEEP CLEAN MOISTURE FOAM &#122;&#322;325,95 Dodaj do koszyka ENZYME GRAIN BUBBLE CLEANSER &#122;&#322;313,65 Dodaj do koszyka PERFECT 3 SHIELD BLEMISH BALM SPF 50 \/ PA+++ &#122;&#322;430,50 Dodaj do koszyka<\/p>\n","protected":false},"author":1,"featured_media":0,"parent":0,"menu_order":0,"comment_status":"closed","ping_status":"closed","template":"","meta":{"_eb_attr":"","footnotes":""},"class_list":["post-184","page","type-page","status-publish","hentry"],"jetpack_sharing_enabled":true,"_links":{"self":[{"href":"https:\/\/dermaline-co.pl\/index.php?rest_route=\/wp\/v2\/pages\/184","targetHints":{"allow":["GET"]}}],"collection":[{"href":"https:\/\/dermaline-co.pl\/index.php?rest_route=\/wp\/v2\/pages"}],"about":[{"href":"https:\/\/dermaline-co.pl\/index.php?rest_route=\/wp\/v2\/types\/page"}],"author":[{"embeddable":true,"href":"https:\/\/dermaline-co.pl\/index.php?rest_route=\/wp\/v2\/users\/1"}],"replies":[{"embeddable":true,"href":"https:\/\/dermaline-co.pl\/index.php?rest_route=%2Fwp%2Fv2%2Fcomments&post=184"}],"version-history":[{"count":8,"href":"https:\/\/dermaline-co.pl\/index.php?rest_route=\/wp\/v2\/pages\/184\/revisions"}],"predecessor-version":[{"id":352,"href":"https:\/\/dermaline-co.pl\/index.php?rest_route=\/wp\/v2\/pages\/184\/revisions\/352"}],"wp:attachment":[{"href":"https:\/\/dermaline-co.pl\/index.php?rest_route=%2Fwp%2Fv2%2Fmedia&parent=184"}],"curies":[{"name":"wp","href":"https:\/\/api.w.org\/{rel}","templated":true}]}}