{"id":27,"date":"2023-08-26T01:25:14","date_gmt":"2023-08-25T23:25:14","guid":{"rendered":"http:\/\/dermaline-co.pl\/?post_type=product&#038;p=27"},"modified":"2024-08-28T16:19:12","modified_gmt":"2024-08-28T14:19:12","slug":"deep-clean-moisture-foam","status":"publish","type":"product","link":"https:\/\/dermaline-co.pl\/?product=deep-clean-moisture-foam","title":{"rendered":"DEEP CLEAN MOISTURE FOAM"},"content":{"rendered":"<p>[et_pb_section fb_built=&#8221;1&#8243; _builder_version=&#8221;4.16&#8243; custom_padding=&#8221;0px||||false|false&#8221; global_colors_info=&#8221;{}&#8221;][et_pb_row _builder_version=&#8221;4.16&#8243; background_size=&#8221;initial&#8221; background_position=&#8221;top_left&#8221; background_repeat=&#8221;repeat&#8221; width=&#8221;100%&#8221; custom_padding=&#8221;0px||0px||false|false&#8221; global_colors_info=&#8221;{}&#8221;][et_pb_column type=&#8221;4_4&#8243; _builder_version=&#8221;4.16&#8243; custom_padding=&#8221;|||&#8221; global_colors_info=&#8221;{}&#8221; custom_padding__hover=&#8221;|||&#8221;][et_pb_wc_cart_notice _builder_version=&#8221;4.16&#8243; global_colors_info=&#8221;{}&#8221;][\/et_pb_wc_cart_notice][\/et_pb_column][\/et_pb_row][\/et_pb_section][et_pb_section fb_built=&#8221;1&#8243; specialty=&#8221;on&#8221; _builder_version=&#8221;4.17.4&#8243; _module_preset=&#8221;default&#8221; global_colors_info=&#8221;{}&#8221;][et_pb_column type=&#8221;1_2&#8243; _builder_version=&#8221;4.16&#8243; custom_padding=&#8221;|||&#8221; global_colors_info=&#8221;{}&#8221; custom_padding__hover=&#8221;|||&#8221;][et_pb_wc_images _builder_version=&#8221;4.16&#8243; global_colors_info=&#8221;{}&#8221;][\/et_pb_wc_images][\/et_pb_column][et_pb_column type=&#8221;1_2&#8243; specialty_columns=&#8221;2&#8243; _builder_version=&#8221;4.16&#8243; custom_padding=&#8221;|||&#8221; global_colors_info=&#8221;{}&#8221; custom_padding__hover=&#8221;|||&#8221;][et_pb_row_inner _builder_version=&#8221;4.16&#8243; background_size=&#8221;initial&#8221; background_position=&#8221;top_left&#8221; background_repeat=&#8221;repeat&#8221; width=&#8221;100%&#8221; custom_padding=&#8221;0px||||false|false&#8221; global_colors_info=&#8221;{}&#8221;][et_pb_column_inner saved_specialty_column_type=&#8221;1_2&#8243; _builder_version=&#8221;4.16&#8243; custom_padding=&#8221;|||&#8221; global_colors_info=&#8221;{}&#8221; custom_padding__hover=&#8221;|||&#8221;][et_pb_wc_rating _builder_version=&#8221;4.16&#8243; global_colors_info=&#8221;{}&#8221;][\/et_pb_wc_rating][et_pb_wc_title _builder_version=&#8221;4.16&#8243; global_colors_info=&#8221;{}&#8221;][\/et_pb_wc_title][et_pb_wc_price _builder_version=&#8221;4.16&#8243; global_colors_info=&#8221;{}&#8221;][\/et_pb_wc_price][et_pb_wc_add_to_cart show_quantity=&#8221;off&#8221; show_stock=&#8221;off&#8221; _builder_version=&#8221;4.17.4&#8243; text_orientation_tablet=&#8221;&#8221; text_orientation_phone=&#8221;center&#8221; text_orientation_last_edited=&#8221;on|phone&#8221; global_colors_info=&#8221;{}&#8221;][\/et_pb_wc_add_to_cart][et_pb_wc_description _builder_version=&#8221;4.16&#8243; global_colors_info=&#8221;{}&#8221;][\/et_pb_wc_description][\/et_pb_column_inner][\/et_pb_row_inner][\/et_pb_column][\/et_pb_section][et_pb_section fb_built=&#8221;1&#8243; _builder_version=&#8221;4.17.4&#8243; _module_preset=&#8221;default&#8221; global_colors_info=&#8221;{}&#8221;][et_pb_row _builder_version=&#8221;4.16&#8243; background_size=&#8221;initial&#8221; background_position=&#8221;top_left&#8221; background_repeat=&#8221;repeat&#8221; width=&#8221;100%&#8221; global_colors_info=&#8221;{}&#8221;][et_pb_column type=&#8221;4_4&#8243; _builder_version=&#8221;4.16&#8243; custom_padding=&#8221;|||&#8221; global_colors_info=&#8221;{}&#8221; custom_padding__hover=&#8221;|||&#8221;][et_pb_wc_related_products orderby=&#8221;popularity&#8221; include_categories=&#8221;26,25&#8243; _builder_version=&#8221;4.17.4&#8243; product_title_font_size=&#8221;16px&#8221; price_font=&#8221;||||||||&#8221; price_font_size=&#8221;18px&#8221; background_color=&#8221;RGBA(255,255,255,0)&#8221; text_orientation=&#8221;center&#8221; global_colors_info=&#8221;{}&#8221;][\/et_pb_wc_related_products][\/et_pb_column][\/et_pb_row][\/et_pb_section]<\/p>\n","protected":false},"excerpt":{"rendered":"<p><strong>150 ml<\/strong><\/p>\n<p style=\"font-weight: 400;\"><strong>Kezdj\u00fck az alapokt\u00f3l \u2013 arctiszt\u00edt\u00e1s fels\u0151fokon <\/strong><\/p>\n<p style=\"font-weight: 400;\">Haszn\u00e1lhatunk b\u00e1rmilyen hat\u00f3anyagtartalm\u00fa k\u00e9sz\u00edtm\u00e9nyt, p\u00e9ld\u00e1ul a r\u00e1ncaink kisim\u00edt\u00e1s\u00e1ra, ha nem fektet\u00fcnk kell\u0151 energi\u00e1t a b\u0151r\u00fcnk alapos letiszt\u00edt\u00e1s\u00e1ra, akkor a k\u00edv\u00e1nt hat\u00e1s elmarad. A legjobb ha egy esszenci\u00e1lis term\u00e9ket vet\u00fcnk be a mindennapos tiszt\u00edt\u00e1sra, ami k\u00edm\u00e9letes, de alapos \u00e9s hat\u00e9kony\u00a0 is, s\u0151t a tov\u00e1bbi kr\u00e9mek hat\u00e1s\u00e1nak befogad\u00e1s\u00e1ra is el\u0151k\u00e9sz\u00edti a b\u0151rt. A tenzid \u00e9s allantoin tartalm\u00fa lemos\u00f3val k\u00f6nnyed\u00e9n elt\u00e1vol\u00edthatjuk a szennyez\u0151d\u00e9st \u00e9s a sminket a b\u0151rr\u0151l, enyhe keratolitikus \u00e9s hidrat\u00e1l\u00f3 hat\u00e1s\u00e1nak k\u00f6sz\u00f6nhet\u0151en pedig b\u00e1rsonyos lesz az arcunk, mint a baba b\u0151re.<\/p>\n<p style=\"font-weight: 400;\"><strong>Alkalmaz\u00e1sa: <\/strong><\/p>\n<ol>\n<li style=\"font-weight: 400;\">Nyomj a benedves\u00edtett tenyeredbe egy babszemnyi mennyis\u00e9get \u00e9s habos\u00edtsd fel.<\/li>\n<li style=\"font-weight: 400;\">Egyenletesen eloszlatva vidd fel a kezelend\u0151 ter\u00fcletre a finom, illatos habot.<\/li>\n<li style=\"font-weight: 400;\">Sim\u00edt\u00f3 mozdulatokkal dolgozd el a b\u0151r\u00f6n, majd b\u0151 langyos v\u00edzzel mosd le.<\/li>\n<li style=\"font-weight: 400;\">Ez a k\u00edm\u00e9letes term\u00e9k alkalmas az \u00e9rz\u00e9keny szemk\u00f6rny\u00e9k b\u0151r\u00e9nek letiszt\u00edt\u00e1s\u00e1ra is.<\/li>\n<\/ol>\n<p style=\"font-weight: 400;\"><strong>Fontos!\u00a0<\/strong>Ekc\u00e9ma \u00e9s kontakt dermatitisz eset\u00e9n v\u00e9gezz b\u0151rpr\u00f3b\u00e1t a kozmetikum haszn\u00e1lat\u00e1nak megkezd\u00e9se el\u0151tt.<\/p>\n<p style=\"font-weight: 400;\"><strong>F\u0151 hat\u00f3anyagok: <\/strong>Allantoin, feh\u00e9r f\u0171zvir\u00e1g, k\u00f6r\u00f6mvir\u00e1g, koreai k\u00f6k\u00f6rcsinkivonat, aloe vera, k\u00edm\u00e9letes cukortenzidek (Lauryl-, Coco-, Glucoside).<\/p>\n<p style=\"font-weight: 400;\"><strong>Kiemelt tulajdons\u00e1gai: <\/strong>Tiszt\u00edt, nyugtat, hidrat\u00e1l, gyullad\u00e1scs\u00f6kkent\u0151<\/p>\n<p style=\"font-weight: 400;\"><strong>Kinek aj\u00e1nlott?<\/strong><\/p>\n<p style=\"font-weight: 400;\">Mindenkinek, aki v\u00e1gyik a professzion\u00e1lis b\u0151rtiszt\u00edt\u00e1sra.<\/p>\n","protected":false},"featured_media":57,"comment_status":"open","ping_status":"closed","template":"","meta":{"_eb_attr":""},"product_brand":[],"product_cat":[16],"product_tag":[],"class_list":{"0":"post-27","1":"product","2":"type-product","3":"status-publish","4":"has-post-thumbnail","6":"product_cat-niezbedne-produkty-detaliczne","8":"first","9":"instock","10":"shipping-taxable","11":"purchasable","12":"product-type-simple"},"jetpack_sharing_enabled":true,"_links":{"self":[{"href":"https:\/\/dermaline-co.pl\/index.php?rest_route=\/wp\/v2\/product\/27","targetHints":{"allow":["GET"]}}],"collection":[{"href":"https:\/\/dermaline-co.pl\/index.php?rest_route=\/wp\/v2\/product"}],"about":[{"href":"https:\/\/dermaline-co.pl\/index.php?rest_route=\/wp\/v2\/types\/product"}],"replies":[{"embeddable":true,"href":"https:\/\/dermaline-co.pl\/index.php?rest_route=%2Fwp%2Fv2%2Fcomments&post=27"}],"version-history":[{"count":1,"href":"https:\/\/dermaline-co.pl\/index.php?rest_route=\/wp\/v2\/product\/27\/revisions"}],"predecessor-version":[{"id":226,"href":"https:\/\/dermaline-co.pl\/index.php?rest_route=\/wp\/v2\/product\/27\/revisions\/226"}],"wp:featuredmedia":[{"embeddable":true,"href":"https:\/\/dermaline-co.pl\/index.php?rest_route=\/wp\/v2\/media\/57"}],"wp:attachment":[{"href":"https:\/\/dermaline-co.pl\/index.php?rest_route=%2Fwp%2Fv2%2Fmedia&parent=27"}],"wp:term":[{"taxonomy":"product_brand","embeddable":true,"href":"https:\/\/dermaline-co.pl\/index.php?rest_route=%2Fwp%2Fv2%2Fproduct_brand&post=27"},{"taxonomy":"product_cat","embeddable":true,"href":"https:\/\/dermaline-co.pl\/index.php?rest_route=%2Fwp%2Fv2%2Fproduct_cat&post=27"},{"taxonomy":"product_tag","embeddable":true,"href":"https:\/\/dermaline-co.pl\/index.php?rest_route=%2Fwp%2Fv2%2Fproduct_tag&post=27"}],"curies":[{"name":"wp","href":"https:\/\/api.w.org\/{rel}","templated":true}]}}