{"id":29,"date":"2023-08-26T01:25:14","date_gmt":"2023-08-25T23:25:14","guid":{"rendered":"http:\/\/dermaline-co.pl\/?post_type=product&#038;p=29"},"modified":"2023-08-30T17:47:06","modified_gmt":"2023-08-30T15:47:06","slug":"perfect-3-shield-blemish-balm-spf-50-pa","status":"publish","type":"product","link":"https:\/\/dermaline-co.pl\/?product=perfect-3-shield-blemish-balm-spf-50-pa","title":{"rendered":"PERFECT 3 SHIELD BLEMISH BALM SPF 50 \/ PA+++"},"content":{"rendered":"","protected":false},"excerpt":{"rendered":"<p><strong>50 ml<\/strong><\/p>\n<p><strong>Krem BB z dodatkami<\/strong><\/p>\n<p>Je\u015bli zawsze marzy\u0142a\u015b o tym, by w ko\u0144cu dopasowa\u0107 je do siebie, oto idealny towarzysz. Zapewniaj\u0105c idealn\u0105, jednolit\u0105 cer\u0119, ten barwiony krem przeciws\u0142oneczny chroni sk\u00f3r\u0119 przed promieniami UVB i UVA, odwodnieniem i stresem oksydacyjnym, jednocze\u015bnie nawil\u017caj\u0105c i od\u017cywiaj\u0105c. Niczym kameleon dostosowuje si\u0119 do odcienia i koloru sk\u00f3ry.<\/p>\n<p>Doskonale sprawdza si\u0119 r\u00f3wnie\u017c jako filtr przeciws\u0142oneczny i baza pod makija\u017c.<\/p>\n<p><strong>Spos\u00f3b u\u017cycia:<\/strong> nanie\u015b\u0107 niewielk\u0105 ilo\u015b\u0107 na sk\u00f3r\u0119 po oczyszczeniu, zastosowaniu toniku, kremu pod oczy i emulsji.<br \/>\n<strong>Wskaz\u00f3wka:<\/strong> Aby uzyska\u0107 idealny efekt, nak\u0142adaj cienk\u0105 warstw\u0119 zwil\u017con\u0105 g\u0105bk\u0105 do makija\u017cu, wykonuj\u0105c ruchy wklepuj\u0105ce.<\/p>\n<p>G\u0142\u00f3wne sk\u0142adniki aktywne: fizyczne i chemiczne filtry przeciws\u0142oneczne, niacynamid, D-pantenol, witamina E, hydrolizowana witamina E, skwalan, beta-glukan, ceramid3, hydrolizowany kolagen, ekstrakt z aloesu, ekstrakt z ecklonia cava, ekstrakt z korzenia krwi\u015bci\u0105gu japo\u0144skiego, arginina, adenozyna.<\/p>\n<p>Jego g\u0142\u00f3wne w\u0142a\u015bciwo\u015bci to: nawil\u017cenie, od\u017cywienie, ochrona i ujednolicenie.<\/p>\n<p><strong>Dla kogo jest polecany?<\/strong><\/p>\n<p>Ka\u017cdemu, kto lubi produkty dwa w jednym, poniewa\u017c zar\u00f3wno od\u017cywiaj\u0105, jak i chroni\u0105 przed szkodliwym promieniowaniem s\u0142onecznym.<\/p>\n","protected":false},"featured_media":59,"comment_status":"open","ping_status":"closed","template":"","meta":{"_eb_attr":""},"product_brand":[],"product_cat":[16],"product_tag":[],"class_list":{"0":"post-29","1":"product","2":"type-product","3":"status-publish","4":"has-post-thumbnail","6":"product_cat-niezbedne-produkty-detaliczne","8":"first","9":"instock","10":"shipping-taxable","11":"purchasable","12":"product-type-simple"},"jetpack_sharing_enabled":true,"_links":{"self":[{"href":"https:\/\/dermaline-co.pl\/index.php?rest_route=\/wp\/v2\/product\/29","targetHints":{"allow":["GET"]}}],"collection":[{"href":"https:\/\/dermaline-co.pl\/index.php?rest_route=\/wp\/v2\/product"}],"about":[{"href":"https:\/\/dermaline-co.pl\/index.php?rest_route=\/wp\/v2\/types\/product"}],"replies":[{"embeddable":true,"href":"https:\/\/dermaline-co.pl\/index.php?rest_route=%2Fwp%2Fv2%2Fcomments&post=29"}],"version-history":[{"count":3,"href":"https:\/\/dermaline-co.pl\/index.php?rest_route=\/wp\/v2\/product\/29\/revisions"}],"predecessor-version":[{"id":397,"href":"https:\/\/dermaline-co.pl\/index.php?rest_route=\/wp\/v2\/product\/29\/revisions\/397"}],"wp:featuredmedia":[{"embeddable":true,"href":"https:\/\/dermaline-co.pl\/index.php?rest_route=\/wp\/v2\/media\/59"}],"wp:attachment":[{"href":"https:\/\/dermaline-co.pl\/index.php?rest_route=%2Fwp%2Fv2%2Fmedia&parent=29"}],"wp:term":[{"taxonomy":"product_brand","embeddable":true,"href":"https:\/\/dermaline-co.pl\/index.php?rest_route=%2Fwp%2Fv2%2Fproduct_brand&post=29"},{"taxonomy":"product_cat","embeddable":true,"href":"https:\/\/dermaline-co.pl\/index.php?rest_route=%2Fwp%2Fv2%2Fproduct_cat&post=29"},{"taxonomy":"product_tag","embeddable":true,"href":"https:\/\/dermaline-co.pl\/index.php?rest_route=%2Fwp%2Fv2%2Fproduct_tag&post=29"}],"curies":[{"name":"wp","href":"https:\/\/api.w.org\/{rel}","templated":true}]}}