{"id":30,"date":"2023-08-26T01:25:14","date_gmt":"2023-08-25T23:25:14","guid":{"rendered":"http:\/\/dermaline-co.pl\/?post_type=product&#038;p=30"},"modified":"2024-08-27T10:35:49","modified_gmt":"2024-08-27T08:35:49","slug":"soothing-fresh-acne-mask-10db-x-35g","status":"publish","type":"product","link":"https:\/\/dermaline-co.pl\/?product=soothing-fresh-acne-mask-10db-x-35g","title":{"rendered":"SOOTHING &#038; FRESH ACNE MASK [10szt. x 35g]"},"content":{"rendered":"","protected":false},"excerpt":{"rendered":"<p><strong>10szt. x 32g<\/strong><\/p>\n<p style=\"font-weight: 400;\"><strong>Maszkot fel! <\/strong><\/p>\n<p style=\"font-weight: 400;\">Najwa\u017cniejszym momentem dnia mo\u017ce by\u0107 za\u0142o\u017cenie maski i chwile spokojnego relaksu. Dzi\u0119ki temu nasza sk\u00f3ra nie tylko od\u015bwie\u017ca si\u0119 i nabiera \u017cycia, ale tak\u017ce wycisza si\u0119 dusza, a cia\u0142o si\u0119 regeneruje. Koj\u0105ca maska \u200b\u200b\u200b\u200bwelonowa doskonale piel\u0119gnuje sk\u00f3r\u0119 sk\u0142onn\u0105 do tr\u0105dziku, dzi\u0119ki tradycyjnym ekstraktom zio\u0142owym spektakularnie poprawia wygl\u0105d sk\u00f3ry oraz pomaga uzyska\u0107 i utrzyma\u0107 zdrow\u0105 sk\u00f3r\u0119.<\/p>\n<p style=\"font-weight: 400;\"><strong>Stosowanie: <\/strong><\/p>\n<ol>\n<li style=\"font-weight: 400;\">Po dwuetapowym przygotowaniu (oczyszczanie i tonik) na\u0142\u00f3\u017c mask\u0119.<\/li>\n<li style=\"font-weight: 400;\">Usi\u0105d\u017a wygodnie i podczas dzia\u0142ania maski zrelaksuj si\u0119 i medytuj przez 15-20 minut.<\/li>\n<li style=\"font-weight: 400;\">Zdejmij mask\u0119, nast\u0119pnie r\u00f3wnomiernie rozprowad\u017a pozosta\u0142y sk\u0142adnik aktywny wpasuj delikatnymi, kolistymi ruchami opuszkami palc\u00f3w.<\/li>\n<li style=\"font-weight: 400;\">Nast\u0119pnie na\u0142\u00f3\u017c emulsj\u0119 lub krem \u200b\u200bpiel\u0119gnacyjny DERMALINE w zale\u017cno\u015bci od stanu sk\u00f3ry.<\/li>\n<\/ol>\n<p style=\"font-weight: 400;\"><strong>G\u0142\u00f3wne sk\u0142adniki aktywne:<\/strong> Hialuronian sodu, alantoina, pieprz syczua\u0144ski, porost brodawkowaty, lukrecja, li\u015bcie herbaty, rumianek, centella asiatica i ekstrakty z lawendy, regeneruj\u0105ce tkank\u0119 \u0142\u0105czn\u0105 i analogowe peptydy przeciwzmarszczkowe botoksu (Palmitoyl Tripeptyd-1, Copper Tripeptide-1 , Acetyl Hexpeptide-8), aminokwasy (alanina, lizyna, cysteina, metynoina, prolina, tyrozyna), olej sezamowy.<\/p>\n<p style=\"font-weight: 400;\"><strong>Zalety:<\/strong> Dzia\u0142a przeciwzapalnie, \u0142agodz\u0105co, nawil\u017caj\u0105co, wspomaga regeneracj\u0119<\/p>\n<p style=\"font-weight: 400;\"><strong>Dla kogo jest zalecany?<\/strong><\/p>\n<p style=\"font-weight: 400;\">Dla os\u00f3b, kt\u00f3rym procesy zapalne uprzykrzaj\u0105 \u017cycie codzienne.<\/p>\n","protected":false},"featured_media":60,"comment_status":"open","ping_status":"closed","template":"","meta":{"_eb_attr":""},"product_brand":[],"product_cat":[18],"product_tag":[],"class_list":{"0":"post-30","1":"product","2":"type-product","3":"status-publish","4":"has-post-thumbnail","6":"product_cat-czas-dla-siebie-profesjonalne-maseczki-do-domu","8":"first","9":"instock","10":"shipping-taxable","11":"purchasable","12":"product-type-variable"},"jetpack_sharing_enabled":true,"_links":{"self":[{"href":"https:\/\/dermaline-co.pl\/index.php?rest_route=\/wp\/v2\/product\/30","targetHints":{"allow":["GET"]}}],"collection":[{"href":"https:\/\/dermaline-co.pl\/index.php?rest_route=\/wp\/v2\/product"}],"about":[{"href":"https:\/\/dermaline-co.pl\/index.php?rest_route=\/wp\/v2\/types\/product"}],"replies":[{"embeddable":true,"href":"https:\/\/dermaline-co.pl\/index.php?rest_route=%2Fwp%2Fv2%2Fcomments&post=30"}],"version-history":[{"count":3,"href":"https:\/\/dermaline-co.pl\/index.php?rest_route=\/wp\/v2\/product\/30\/revisions"}],"predecessor-version":[{"id":395,"href":"https:\/\/dermaline-co.pl\/index.php?rest_route=\/wp\/v2\/product\/30\/revisions\/395"}],"wp:featuredmedia":[{"embeddable":true,"href":"https:\/\/dermaline-co.pl\/index.php?rest_route=\/wp\/v2\/media\/60"}],"wp:attachment":[{"href":"https:\/\/dermaline-co.pl\/index.php?rest_route=%2Fwp%2Fv2%2Fmedia&parent=30"}],"wp:term":[{"taxonomy":"product_brand","embeddable":true,"href":"https:\/\/dermaline-co.pl\/index.php?rest_route=%2Fwp%2Fv2%2Fproduct_brand&post=30"},{"taxonomy":"product_cat","embeddable":true,"href":"https:\/\/dermaline-co.pl\/index.php?rest_route=%2Fwp%2Fv2%2Fproduct_cat&post=30"},{"taxonomy":"product_tag","embeddable":true,"href":"https:\/\/dermaline-co.pl\/index.php?rest_route=%2Fwp%2Fv2%2Fproduct_tag&post=30"}],"curies":[{"name":"wp","href":"https:\/\/api.w.org\/{rel}","templated":true}]}}