{"id":33,"date":"2023-08-26T01:25:14","date_gmt":"2023-08-25T23:25:14","guid":{"rendered":"http:\/\/dermaline-co.pl\/?post_type=product&#038;p=33"},"modified":"2026-04-14T16:55:02","modified_gmt":"2026-04-14T14:55:02","slug":"hycare-pdrn-solution-toner-860ppm","status":"publish","type":"product","link":"https:\/\/dermaline-co.pl\/?product=hycare-pdrn-solution-toner-860ppm","title":{"rendered":"HYCARE PDRN SOLUTION TONER [860ppm]"},"content":{"rendered":"","protected":false},"excerpt":{"rendered":"<p><strong>200 ml<\/strong><\/p>\n<p style=\"font-weight: 400;\">Doskona\u0142a wydajno\u015b\u0107<\/p>\n<p style=\"font-weight: 400;\">Istniej\u0105 pewne super produkty, kt\u00f3re pomagaj\u0105 zwi\u0119kszy\u0107 skuteczno\u015b\u0107 zabiegu. Na przyk\u0142ad ta specjalna formu\u0142a, kt\u00f3ra przygotowuje sk\u00f3r\u0119 do optymalnego wch\u0142aniania sk\u0142adnika aktywnego dla maksymalnej skuteczno\u015bci. R\u00f3wnowa\u017cy PH sk\u00f3ry, natychmiastowo i g\u0142\u0119boko nawil\u017ca sk\u00f3r\u0119, chroni i wzmacnia jej warstw\u0119 ochronn\u0105 oraz przygotowuje j\u0105 do skutecznego wch\u0142aniania kolejnych warstw nawil\u017caj\u0105cych. Do takich produkt\u00f3w nale\u017c\u0105 ampu\u0142ki, serum, maseczki i kremy do twarzy.<\/p>\n<p style=\"font-weight: 400;\">Zastosowanie:<\/p>\n<ol>\n<li style=\"font-weight: 400;\">Po dok\u0142adnym oczyszczeniu sk\u00f3ry na\u0142\u00f3\u017c 4 pompki toniku i rozprowad\u017a r\u00f3wnomiernie na twarzy &#8211; w okolicach oczu, szyi i dekoltu.<\/li>\n<li style=\"font-weight: 400;\">Nie trzeba u\u017cywa\u0107 bawe\u0142nianego kr\u0105\u017cka, mo\u017cna nak\u0142ada\u0107 r\u0119cznie<\/li>\n<\/ol>\n<p style=\"font-weight: 400;\"><strong>G\u0142\u00f3wne sk\u0142adniki aktywne:<\/strong> PDRN, kwas hialuronowy o r\u00f3\u017cnej masie cz\u0105steczkowej i strukturze, peptydy regeneruj\u0105ce tkank\u0119 \u0142\u0105czn\u0105 (Copper Tripeptide-1, Palmitoyl Tripeptide-1, Hexapeptide-9), niacynamid, centella asiatica, noni, ekstrakt z chrz\u0105stki t\u0142uszczowej.<\/p>\n<p style=\"font-weight: 400;\"><strong>Kluczowe w\u0142a\u015bciwo\u015bci:<\/strong> zapewnia natychmiastowe wst\u0119pne nawil\u017cenie, przygotowuje sk\u00f3r\u0119 na przyj\u0119cie kolejnych sk\u0142adnik\u00f3w aktywnych, regeneruje tkank\u0119 \u0142\u0105czn\u0105, odbudowuje mikrobiom.<\/p>\n<p style=\"font-weight: 400;\"><strong>Dla kogo jest przeznaczony?<\/strong><\/p>\n<p style=\"font-weight: 400;\">Dla ka\u017cdego, kto chce mie\u0107 pi\u0119kniejsz\u0105 i j\u0119drniejsz\u0105 sk\u00f3r\u0119 w kr\u00f3tkim czasie.<\/p>\n","protected":false},"featured_media":63,"comment_status":"open","ping_status":"closed","template":"","meta":{"_eb_attr":""},"product_brand":[],"product_cat":[19],"product_tag":[],"class_list":{"0":"post-33","1":"product","2":"type-product","3":"status-publish","4":"has-post-thumbnail","6":"product_cat-odzyskiwanie-wieku-program-opieki-pozabiegowej","8":"first","9":"onbackorder","10":"shipping-taxable","11":"purchasable","12":"product-type-simple"},"jetpack_sharing_enabled":true,"_links":{"self":[{"href":"https:\/\/dermaline-co.pl\/index.php?rest_route=\/wp\/v2\/product\/33","targetHints":{"allow":["GET"]}}],"collection":[{"href":"https:\/\/dermaline-co.pl\/index.php?rest_route=\/wp\/v2\/product"}],"about":[{"href":"https:\/\/dermaline-co.pl\/index.php?rest_route=\/wp\/v2\/types\/product"}],"replies":[{"embeddable":true,"href":"https:\/\/dermaline-co.pl\/index.php?rest_route=%2Fwp%2Fv2%2Fcomments&post=33"}],"version-history":[{"count":2,"href":"https:\/\/dermaline-co.pl\/index.php?rest_route=\/wp\/v2\/product\/33\/revisions"}],"predecessor-version":[{"id":392,"href":"https:\/\/dermaline-co.pl\/index.php?rest_route=\/wp\/v2\/product\/33\/revisions\/392"}],"wp:featuredmedia":[{"embeddable":true,"href":"https:\/\/dermaline-co.pl\/index.php?rest_route=\/wp\/v2\/media\/63"}],"wp:attachment":[{"href":"https:\/\/dermaline-co.pl\/index.php?rest_route=%2Fwp%2Fv2%2Fmedia&parent=33"}],"wp:term":[{"taxonomy":"product_brand","embeddable":true,"href":"https:\/\/dermaline-co.pl\/index.php?rest_route=%2Fwp%2Fv2%2Fproduct_brand&post=33"},{"taxonomy":"product_cat","embeddable":true,"href":"https:\/\/dermaline-co.pl\/index.php?rest_route=%2Fwp%2Fv2%2Fproduct_cat&post=33"},{"taxonomy":"product_tag","embeddable":true,"href":"https:\/\/dermaline-co.pl\/index.php?rest_route=%2Fwp%2Fv2%2Fproduct_tag&post=33"}],"curies":[{"name":"wp","href":"https:\/\/api.w.org\/{rel}","templated":true}]}}