{"id":37,"date":"2023-08-26T01:25:15","date_gmt":"2023-08-25T23:25:15","guid":{"rendered":"http:\/\/dermaline-co.pl\/?post_type=product&#038;p=37"},"modified":"2026-04-14T13:23:53","modified_gmt":"2026-04-14T11:23:53","slug":"bio-activing-pdrn-eye-cream-3-000ppm","status":"publish","type":"product","link":"https:\/\/dermaline-co.pl\/?product=bio-activing-pdrn-eye-cream-3-000ppm","title":{"rendered":"BIO ACTIVING PDRN EYE CREAM [3.000ppm]"},"content":{"rendered":"","protected":false},"excerpt":{"rendered":"<p><strong>30 g<\/strong><\/p>\n<p style=\"font-weight: 400;\">B\u0142ysk naszych oczu<\/p>\n<p style=\"font-weight: 400;\">Spojrzenie wiele o nas m\u00f3wi, a sk\u00f3ra wok\u00f3\u0142 oczu jest r\u00f3wnie\u017c bardzo odkrywcza, dlatego nale\u017cy zwr\u00f3ci\u0107 szczeg\u00f3ln\u0105 uwag\u0119 na jej piel\u0119gnacj\u0119. Na z\u0142o\u017cone problemy tego obszaru o szczeg\u00f3lnych potrzebach i wra\u017cliwo\u015bci, oto skuteczne rozwi\u0105zanie! Leczenie zmarszczek, niedobory wody i lipid\u00f3w, utrata j\u0119drno\u015bci powiek, problemy z kr\u0105\u017ceniem, kosmetyki, kt\u00f3re w mgnieniu oka robi\u0105 zauwa\u017caln\u0105 r\u00f3\u017cnic\u0119, warto przetestowa\u0107.<\/p>\n<p style=\"font-weight: 400;\">Zastosowanie:<\/p>\n<ol>\n<li style=\"font-weight: 400;\">Po oczyszczeniu, przygotowaniu i na\u0142o\u017ceniu serum nanie\u015b\u0107 niewielk\u0105 ilo\u015b\u0107 produktu na powieki, okolice oczu i sk\u00f3r\u0119 wok\u00f3\u0142 oczu. Delikatnie wmasuj w sk\u00f3r\u0119, wykonuj\u0105c delikatne ruchy opuszkami palc\u00f3w, aby u\u0142atwi\u0107 wch\u0142anianie.<\/li>\n<li style=\"font-weight: 400;\">Stosuj go regularnie &#8211; rano lub jako cz\u0119\u015b\u0107 wieczornej rutyny piel\u0119gnacyjnej.<\/li>\n<\/ol>\n<p style=\"font-weight: 400;\"><strong>Wskaz\u00f3wka:<\/strong> zalecamy r\u00f3wnie\u017c jego stosowanie w leczeniu zmarszczek wok\u00f3\u0142 ust, znanych r\u00f3wnie\u017c jako &#8222;zmarszczki papierosowe&#8221;.<\/p>\n<p style=\"font-weight: 400;\"><strong>G\u0142\u00f3wne sk\u0142adniki aktywne:<\/strong> PDRN, Na-hialuronian, mocznik, mas\u0142o shea, ekstrakt z alg morskich i centella asiatica, peptydy regeneruj\u0105ce tkank\u0119 \u0142\u0105czn\u0105 (Tripeptyd-1 miedzi, Tripeptyd-1 palmitoilu), Acetyl heksapeptyd-8<\/p>\n<p style=\"font-weight: 400;\"><strong>Najwa\u017cniejsze cechy:<\/strong> leczy wra\u017cliwo\u015b\u0107 sk\u00f3ry wok\u00f3\u0142 oczu, zmniejsza cienie pod oczami, zmniejsza obrz\u0119ki, poprawia mikrokr\u0105\u017cenie i chroni przed szkodliwym wp\u0142ywem \u015brodowiska.<\/p>\n<p style=\"font-weight: 400;\"><strong>Dla kogo jest przeznaczony?<\/strong><\/p>\n<p style=\"font-weight: 400;\">Jest zalecany do zabieg\u00f3w w salonie i piel\u0119gnacji domowej, zar\u00f3wno w celach profilaktycznych, jak i do codziennego u\u017cytku.<\/p>\n","protected":false},"featured_media":69,"comment_status":"open","ping_status":"closed","template":"","meta":{"_eb_attr":""},"product_brand":[],"product_cat":[19],"product_tag":[],"class_list":{"0":"post-37","1":"product","2":"type-product","3":"status-publish","4":"has-post-thumbnail","6":"product_cat-odzyskiwanie-wieku-program-opieki-pozabiegowej","8":"first","9":"onbackorder","10":"shipping-taxable","11":"purchasable","12":"product-type-simple"},"jetpack_sharing_enabled":true,"_links":{"self":[{"href":"https:\/\/dermaline-co.pl\/index.php?rest_route=\/wp\/v2\/product\/37","targetHints":{"allow":["GET"]}}],"collection":[{"href":"https:\/\/dermaline-co.pl\/index.php?rest_route=\/wp\/v2\/product"}],"about":[{"href":"https:\/\/dermaline-co.pl\/index.php?rest_route=\/wp\/v2\/types\/product"}],"replies":[{"embeddable":true,"href":"https:\/\/dermaline-co.pl\/index.php?rest_route=%2Fwp%2Fv2%2Fcomments&post=37"}],"version-history":[{"count":3,"href":"https:\/\/dermaline-co.pl\/index.php?rest_route=\/wp\/v2\/product\/37\/revisions"}],"predecessor-version":[{"id":381,"href":"https:\/\/dermaline-co.pl\/index.php?rest_route=\/wp\/v2\/product\/37\/revisions\/381"}],"wp:featuredmedia":[{"embeddable":true,"href":"https:\/\/dermaline-co.pl\/index.php?rest_route=\/wp\/v2\/media\/69"}],"wp:attachment":[{"href":"https:\/\/dermaline-co.pl\/index.php?rest_route=%2Fwp%2Fv2%2Fmedia&parent=37"}],"wp:term":[{"taxonomy":"product_brand","embeddable":true,"href":"https:\/\/dermaline-co.pl\/index.php?rest_route=%2Fwp%2Fv2%2Fproduct_brand&post=37"},{"taxonomy":"product_cat","embeddable":true,"href":"https:\/\/dermaline-co.pl\/index.php?rest_route=%2Fwp%2Fv2%2Fproduct_cat&post=37"},{"taxonomy":"product_tag","embeddable":true,"href":"https:\/\/dermaline-co.pl\/index.php?rest_route=%2Fwp%2Fv2%2Fproduct_tag&post=37"}],"curies":[{"name":"wp","href":"https:\/\/api.w.org\/{rel}","templated":true}]}}