{"id":38,"date":"2023-08-26T01:25:15","date_gmt":"2023-08-25T23:25:15","guid":{"rendered":"http:\/\/dermaline-co.pl\/?post_type=product&#038;p=38"},"modified":"2026-04-14T13:23:33","modified_gmt":"2026-04-14T11:23:33","slug":"bio-activing-pdrn-eye-patch-2-580ppm","status":"publish","type":"product","link":"https:\/\/dermaline-co.pl\/?product=bio-activing-pdrn-eye-patch-2-580ppm","title":{"rendered":"BIO ACTIVING PDRN EYE PATCH [2.580ppm]"},"content":{"rendered":"","protected":false},"excerpt":{"rendered":"<p><strong>60 db<\/strong><\/p>\n<p style=\"font-weight: 400;\">To by\u0142o skrzy\u017cowane oko, nie!<\/p>\n<p style=\"font-weight: 400;\">D\u0142ugie wieczory, nieprzespane noce, m\u0119cz\u0105ce dni w pracy &#8211; wszystko to odbija si\u0119 na oczach, kt\u00f3re natychmiast staj\u0105 si\u0119 podkr\u0105\u017cone i obrz\u0119kni\u0119te. Ale relaksuj\u0105ca, ch\u0142odz\u0105ca, nawil\u017caj\u0105ca i przeciwzapalna maseczka pod oczy jest skutecznym lekarstwem na zmarszczki, cienie i obrz\u0119ki pod oczami. Dzia\u0142a cuda! Mo\u017ce by\u0107 r\u00f3wnie\u017c stosowana na g\u00f3rn\u0105 powiek\u0119 oraz w celu zmniejszenia bruzd nosowo-wargowych i bruzd na czole &#8211; wyg\u0142adzaj\u0105c oznaki zm\u0119czenia w zaledwie kilka minut.<\/p>\n<p style=\"font-weight: 400;\"><strong>Spos\u00f3b u\u017cycia<\/strong>: po oczyszczeniu i przygotowaniu sk\u00f3ry oraz na\u0142o\u017ceniu serum na\u0142o\u017cy\u0107 mask\u0119 na obszar pod oczami i pozostawi\u0107 na 15 minut, a\u017c zacznie dzia\u0142a\u0107.<\/p>\n<p style=\"font-weight: 400;\"><strong>Wskaz\u00f3wka<\/strong>: zalecamy stosowanie na g\u00f3rne powieki, ale tak\u017ce w celu zmniejszenia g\u0142\u0119boko\u015bci fa\u0142d\u00f3w nosowo-wargowych lub zmarszczek na czole!<\/p>\n<p style=\"font-weight: 400;\"><strong>Kluczowe sk\u0142adniki aktywne:<\/strong>PDRN, alantoina, nagietek, ekstrakt z zielonej herbaty i rooibos, witamina E<\/p>\n<p style=\"font-weight: 400;\"><strong>Najwa\u017cniejsze cechy:<\/strong> nawil\u017ca, uj\u0119drnia i koi delikatn\u0105 sk\u00f3r\u0119 wok\u00f3\u0142 oczu.<\/p>\n<p style=\"font-weight: 400;\"><strong>Dla kogo jest przeznaczony?<\/strong><\/p>\n<p style=\"font-weight: 400;\">Jest zalecany do stosowania zar\u00f3wno w rutynie domowej, jak i jako cz\u0119\u015b\u0107 zabiegu BEAUTY SPA dla os\u00f3b, kt\u00f3re chc\u0105 wyeliminowa\u0107 oznaki zm\u0119czenia i starzenia. Mo\u017ce by\u0107 r\u00f3wnie\u017c stosowany do leczenia g\u00f3rnych powiek, okolic oczu i zmarszczek na czole, a tak\u017ce okolic ust.<\/p>\n","protected":false},"featured_media":70,"comment_status":"open","ping_status":"closed","template":"","meta":{"_eb_attr":""},"product_brand":[],"product_cat":[19],"product_tag":[],"class_list":{"0":"post-38","1":"product","2":"type-product","3":"status-publish","4":"has-post-thumbnail","6":"product_cat-odzyskiwanie-wieku-program-opieki-pozabiegowej","8":"first","9":"onbackorder","10":"shipping-taxable","11":"purchasable","12":"product-type-simple"},"jetpack_sharing_enabled":true,"_links":{"self":[{"href":"https:\/\/dermaline-co.pl\/index.php?rest_route=\/wp\/v2\/product\/38","targetHints":{"allow":["GET"]}}],"collection":[{"href":"https:\/\/dermaline-co.pl\/index.php?rest_route=\/wp\/v2\/product"}],"about":[{"href":"https:\/\/dermaline-co.pl\/index.php?rest_route=\/wp\/v2\/types\/product"}],"replies":[{"embeddable":true,"href":"https:\/\/dermaline-co.pl\/index.php?rest_route=%2Fwp%2Fv2%2Fcomments&post=38"}],"version-history":[{"count":2,"href":"https:\/\/dermaline-co.pl\/index.php?rest_route=\/wp\/v2\/product\/38\/revisions"}],"predecessor-version":[{"id":389,"href":"https:\/\/dermaline-co.pl\/index.php?rest_route=\/wp\/v2\/product\/38\/revisions\/389"}],"wp:featuredmedia":[{"embeddable":true,"href":"https:\/\/dermaline-co.pl\/index.php?rest_route=\/wp\/v2\/media\/70"}],"wp:attachment":[{"href":"https:\/\/dermaline-co.pl\/index.php?rest_route=%2Fwp%2Fv2%2Fmedia&parent=38"}],"wp:term":[{"taxonomy":"product_brand","embeddable":true,"href":"https:\/\/dermaline-co.pl\/index.php?rest_route=%2Fwp%2Fv2%2Fproduct_brand&post=38"},{"taxonomy":"product_cat","embeddable":true,"href":"https:\/\/dermaline-co.pl\/index.php?rest_route=%2Fwp%2Fv2%2Fproduct_cat&post=38"},{"taxonomy":"product_tag","embeddable":true,"href":"https:\/\/dermaline-co.pl\/index.php?rest_route=%2Fwp%2Fv2%2Fproduct_tag&post=38"}],"curies":[{"name":"wp","href":"https:\/\/api.w.org\/{rel}","templated":true}]}}