{"id":39,"date":"2023-08-26T01:25:15","date_gmt":"2023-08-25T23:25:15","guid":{"rendered":"http:\/\/dermaline-co.pl\/?post_type=product&#038;p=39"},"modified":"2026-04-14T13:23:45","modified_gmt":"2026-04-14T11:23:45","slug":"hydro-refresh-toner","status":"publish","type":"product","link":"https:\/\/dermaline-co.pl\/?product=hydro-refresh-toner","title":{"rendered":"HYDRO REFRESH TONER"},"content":{"rendered":"","protected":false},"excerpt":{"rendered":"<p>200 ml<\/p>\n<p>Kompleksowy preparat<\/p>\n<p style=\"font-weight: 400;\">Podczas gdy prawie ka\u017cda kobieta uwielbia sesj\u0119 pi\u0119kno\u015bci w \u0142azience, nie zawsze jest czas, aby sp\u0119dza\u0107 godziny na rozpieszczaniu sk\u00f3ry. Dlatego w codziennym \u017cyciu uwielbiamy produkty, kt\u00f3re spe\u0142niaj\u0105 kilka funkcji jednocze\u015bnie. Ten tonik przygotowuje sk\u00f3r\u0119 na przyj\u0119cie sk\u0142adnik\u00f3w aktywnych, r\u00f3wnowa\u017cy PH sk\u00f3ry, wspiera jej mechanizmy obronne, reguluje proces pigmentacji, wst\u0119pnie nawil\u017ca nask\u00f3rek i wspomaga penetracj\u0119. Zapewnia skuteczno\u015b\u0107 mechanizmu leczenia od pierwszej minuty i \u0142agodzi podra\u017cnion\u0105 sk\u00f3r\u0119.<\/p>\n<p style=\"font-weight: 400;\"><strong>Stosowanie:<\/strong><\/p>\n<ol>\n<li style=\"font-weight: 400;\">Po dok\u0142adnym oczyszczeniu sk\u00f3ry na\u0142o\u017cy\u0107 4 pompki toniku i rozprowadzi\u0107 r\u00f3wnomiernie na twarzy &#8211; okolice oczu, szyj\u0119 i dekolt.<\/li>\n<li style=\"font-weight: 400;\">Nie jest wymagany p\u0142atek kosmetyczny, mo\u017cna go nak\u0142ada\u0107 d\u0142oni\u0105 i palcami.<\/li>\n<\/ol>\n<p style=\"font-weight: 400;\"><strong>G\u0142\u00f3wne sk\u0142adniki aktywne<\/strong>: Na-hialuronian, niacynamid, beta-glukan, ekstrakty z \u017curawiny, grzyba podkowiastego i w\u0105krotki azjatyckiej, tr\u00f3jpeptyd-1 miedzi.<\/p>\n<p style=\"font-weight: 400;\"><strong>Podkre\u015blone w\u0142a\u015bciwo\u015bci:<\/strong> wst\u0119pnie nawil\u017ca, wzmacnia funkcj\u0119 barierow\u0105 sk\u00f3ry, dzia\u0142a przeciwzapalnie.<\/p>\n<p style=\"font-weight: 400;\"><strong>Dla kogo jest zalecany?<\/strong><\/p>\n<p style=\"font-weight: 400;\">Dla wszystkich, kt\u00f3rzy chc\u0105 zapewni\u0107 swojej sk\u00f3rze maksymalne rozpieszczenie nawet w gor\u0105czkowe dni powszednie.<\/p>\n","protected":false},"featured_media":76,"comment_status":"open","ping_status":"closed","template":"","meta":{"_eb_attr":""},"product_brand":[],"product_cat":[20,17],"product_tag":[],"class_list":{"0":"post-39","1":"product","2":"type-product","3":"status-publish","4":"has-post-thumbnail","6":"product_cat-aqua-protect-program-opieki-pozabiegowej","7":"product_cat-landing-page","9":"first","10":"onbackorder","11":"shipping-taxable","12":"purchasable","13":"product-type-simple"},"jetpack_sharing_enabled":true,"_links":{"self":[{"href":"https:\/\/dermaline-co.pl\/index.php?rest_route=\/wp\/v2\/product\/39","targetHints":{"allow":["GET"]}}],"collection":[{"href":"https:\/\/dermaline-co.pl\/index.php?rest_route=\/wp\/v2\/product"}],"about":[{"href":"https:\/\/dermaline-co.pl\/index.php?rest_route=\/wp\/v2\/types\/product"}],"replies":[{"embeddable":true,"href":"https:\/\/dermaline-co.pl\/index.php?rest_route=%2Fwp%2Fv2%2Fcomments&post=39"}],"version-history":[{"count":3,"href":"https:\/\/dermaline-co.pl\/index.php?rest_route=\/wp\/v2\/product\/39\/revisions"}],"predecessor-version":[{"id":516,"href":"https:\/\/dermaline-co.pl\/index.php?rest_route=\/wp\/v2\/product\/39\/revisions\/516"}],"wp:featuredmedia":[{"embeddable":true,"href":"https:\/\/dermaline-co.pl\/index.php?rest_route=\/wp\/v2\/media\/76"}],"wp:attachment":[{"href":"https:\/\/dermaline-co.pl\/index.php?rest_route=%2Fwp%2Fv2%2Fmedia&parent=39"}],"wp:term":[{"taxonomy":"product_brand","embeddable":true,"href":"https:\/\/dermaline-co.pl\/index.php?rest_route=%2Fwp%2Fv2%2Fproduct_brand&post=39"},{"taxonomy":"product_cat","embeddable":true,"href":"https:\/\/dermaline-co.pl\/index.php?rest_route=%2Fwp%2Fv2%2Fproduct_cat&post=39"},{"taxonomy":"product_tag","embeddable":true,"href":"https:\/\/dermaline-co.pl\/index.php?rest_route=%2Fwp%2Fv2%2Fproduct_tag&post=39"}],"curies":[{"name":"wp","href":"https:\/\/api.w.org\/{rel}","templated":true}]}}