{"id":44,"date":"2023-08-26T01:25:15","date_gmt":"2023-08-25T23:25:15","guid":{"rendered":"http:\/\/dermaline-co.pl\/?post_type=product&#038;p=44"},"modified":"2023-08-30T17:39:41","modified_gmt":"2023-08-30T15:39:41","slug":"hydro-refresh-cream","status":"publish","type":"product","link":"https:\/\/dermaline-co.pl\/?product=hydro-refresh-cream","title":{"rendered":"HYDRO REFRESH CREAM"},"content":{"rendered":"","protected":false},"excerpt":{"rendered":"<p><strong>80\/100 gr\u00a0<\/strong><\/p>\n<blockquote><p><strong>Hydro refresh cream 80 gr jest niedost\u0119pny. Wersja 100 gr jest nadal dost\u0119pna dla naszych drogich klient<\/strong><\/p><\/blockquote>\n<p style=\"font-weight: 400;\"><strong>Pe\u0142na ochrona i piel\u0119gnacja<\/strong><\/p>\n<p style=\"font-weight: 400;\">Tylko osoby ze sk\u00f3r\u0105 \u0142ojotokow\u0105 wiedz\u0105, jak du\u017cy dyskomfort mo\u017ce powodowa\u0107 ten typ sk\u00f3ry. Musz\u0105 rezygnowa\u0107 z wielu zabieg\u00f3w i by\u0107 w ci\u0105g\u0142ym pogotowiu, aby z\u0142agodzi\u0107 wszelkie objawy. Na szcz\u0119\u015bcie ten krem to ogromna pomoc: b\u0142yskawicznie koi, od\u017cywia i nawil\u017ca wra\u017cliw\u0105 sk\u00f3r\u0119 oraz \u0142agodzi wszelkie objawy \u0142ojotoku.<\/p>\n<p style=\"font-weight: 400;\"><strong>Zastosowanie:<\/strong><\/p>\n<ol style=\"font-weight: 400;\">\n<li>Po oczyszczeniu, przygotowaniu i serum na\u0142\u00f3\u017c odrobin\u0119 kremu na szyj\u0119, dekolt i twarz.<\/li>\n<li>Delikatnie wmasuj w sk\u00f3r\u0119, wykonuj\u0105c delikatne ruchy opuszkami palc\u00f3w, aby u\u0142atwi\u0107 wch\u0142anianie.<\/li>\n<\/ol>\n<p style=\"font-weight: 400;\"><strong>G\u0142\u00f3wne sk\u0142adniki aktywne:<\/strong> Na-hialuronian, niacynamid, beta-glukan, hydrolizowany kolagen i elastyna, Ceramid NP, olej makadamia i jojoba, ekstrakt z alg Ecklonia Cava, naturalne czynniki nawil\u017caj\u0105ce (Na-mleczan, Na-PCA), aminokwasy (glicyna, alanina, seryna, prolina).<\/p>\n<p style=\"font-weight: 400;\"><strong>Kluczowe w\u0142a\u015bciwo\u015bci:<\/strong> silnie nawil\u017ca, zmniejsza objawy \u0142ojotoku, zw\u0119\u017ca pory, wzmacnia funkcj\u0119 barierow\u0105 sk\u00f3ry, zmniejsza podra\u017cnienia.<\/p>\n<p style=\"font-weight: 400;\"><strong>Dla kogo jest przeznaczony?<\/strong><\/p>\n<p style=\"font-weight: 400;\">Do piel\u0119gnacji sk\u00f3ry wra\u017cliwej, \u0142ojotokowej jako krem do masa\u017cu podczas zabieg\u00f3w w salonie oraz do piel\u0119gnacji nocnej w domu.<\/p>\n","protected":false},"featured_media":81,"comment_status":"open","ping_status":"closed","template":"","meta":{"_eb_attr":""},"product_brand":[],"product_cat":[20],"product_tag":[],"class_list":{"0":"post-44","1":"product","2":"type-product","3":"status-publish","4":"has-post-thumbnail","6":"product_cat-aqua-protect-program-opieki-pozabiegowej","8":"first","9":"onbackorder","10":"shipping-taxable","11":"purchasable","12":"product-type-variable"},"jetpack_sharing_enabled":true,"_links":{"self":[{"href":"https:\/\/dermaline-co.pl\/index.php?rest_route=\/wp\/v2\/product\/44","targetHints":{"allow":["GET"]}}],"collection":[{"href":"https:\/\/dermaline-co.pl\/index.php?rest_route=\/wp\/v2\/product"}],"about":[{"href":"https:\/\/dermaline-co.pl\/index.php?rest_route=\/wp\/v2\/types\/product"}],"replies":[{"embeddable":true,"href":"https:\/\/dermaline-co.pl\/index.php?rest_route=%2Fwp%2Fv2%2Fcomments&post=44"}],"version-history":[{"count":2,"href":"https:\/\/dermaline-co.pl\/index.php?rest_route=\/wp\/v2\/product\/44\/revisions"}],"predecessor-version":[{"id":382,"href":"https:\/\/dermaline-co.pl\/index.php?rest_route=\/wp\/v2\/product\/44\/revisions\/382"}],"wp:featuredmedia":[{"embeddable":true,"href":"https:\/\/dermaline-co.pl\/index.php?rest_route=\/wp\/v2\/media\/81"}],"wp:attachment":[{"href":"https:\/\/dermaline-co.pl\/index.php?rest_route=%2Fwp%2Fv2%2Fmedia&parent=44"}],"wp:term":[{"taxonomy":"product_brand","embeddable":true,"href":"https:\/\/dermaline-co.pl\/index.php?rest_route=%2Fwp%2Fv2%2Fproduct_brand&post=44"},{"taxonomy":"product_cat","embeddable":true,"href":"https:\/\/dermaline-co.pl\/index.php?rest_route=%2Fwp%2Fv2%2Fproduct_cat&post=44"},{"taxonomy":"product_tag","embeddable":true,"href":"https:\/\/dermaline-co.pl\/index.php?rest_route=%2Fwp%2Fv2%2Fproduct_tag&post=44"}],"curies":[{"name":"wp","href":"https:\/\/api.w.org\/{rel}","templated":true}]}}