{"id":52,"date":"2023-08-26T01:25:16","date_gmt":"2023-08-25T23:25:16","guid":{"rendered":"http:\/\/dermaline-co.pl\/?post_type=product&#038;p=52"},"modified":"2026-04-14T12:34:14","modified_gmt":"2026-04-14T10:34:14","slug":"krem-pielegnacyjny-pdx-cica-exo","status":"publish","type":"product","link":"https:\/\/dermaline-co.pl\/?product=krem-pielegnacyjny-pdx-cica-exo","title":{"rendered":"KREM PIEL\u0118GNACYJNY PDX CICA-EXO"},"content":{"rendered":"","protected":false},"excerpt":{"rendered":"<p><strong>KREM PIEL\u0118GNACYJNY PDX CICA-EXO<\/strong><\/p>\n<p><strong>40 g<\/strong><\/p>\n<p><strong>Redukcja podra\u017cnie\u0144 w 1 minut\u0119!<\/strong><\/p>\n<p>Zalecany do stosowania po zabiegach mikroig\u0142owania i ablacji medycznej, a tak\u017ce do piel\u0119gnacji domowej. Wspomaga samoregeneracj\u0119 i funkcje ochronne sk\u00f3ry oraz zawiera wysoce skuteczne sk\u0142adniki redukuj\u0105ce podra\u017cnienia. Jego sk\u0142adniki aktywne oparte s\u0105 na najnowszych badaniach i osi\u0105gni\u0119ciach farmaceutycznych i kosmetycznych oraz ekstraktach zio\u0142owych z tysi\u0119cy lat holistycznej medycyny Dalekiego Wschodu. Wiele sk\u0142adnik\u00f3w aktywnych to naturalne substancje zdrowej i m\u0142odej ludzkiej sk\u00f3ry, dzi\u0119ki czemu formu\u0142a jest bogata w sk\u0142adniki przyjazne dla sk\u00f3ry.<\/p>\n<p><strong>Zastosowanie:<\/strong><\/p>\n<p>W zabiegach salonowych i piel\u0119gnacji domowej. Na\u0142o\u017cy\u0107 niewielk\u0105 ilo\u015b\u0107 na ca\u0142\u0105 twarz i szyj\u0119, wykonuj\u0105c lekkie ruchy g\u0142askania i wklepywania.<\/p>\n<p><strong>WA\u017bNE!<\/strong> Zawsze dok\u0142adnie myj r\u0119ce przed na\u0142o\u017ceniem kremu, aby zapobiec infekcji.<\/p>\n","protected":false},"featured_media":102,"comment_status":"open","ping_status":"closed","template":"","meta":{"_eb_attr":""},"product_brand":[],"product_cat":[16],"product_tag":[23],"class_list":{"0":"post-52","1":"product","2":"type-product","3":"status-publish","4":"has-post-thumbnail","6":"product_cat-niezbedne-produkty-detaliczne","7":"product_tag-npd","9":"first","10":"onbackorder","11":"shipping-taxable","12":"purchasable","13":"product-type-simple"},"jetpack_sharing_enabled":true,"_links":{"self":[{"href":"https:\/\/dermaline-co.pl\/index.php?rest_route=\/wp\/v2\/product\/52","targetHints":{"allow":["GET"]}}],"collection":[{"href":"https:\/\/dermaline-co.pl\/index.php?rest_route=\/wp\/v2\/product"}],"about":[{"href":"https:\/\/dermaline-co.pl\/index.php?rest_route=\/wp\/v2\/types\/product"}],"replies":[{"embeddable":true,"href":"https:\/\/dermaline-co.pl\/index.php?rest_route=%2Fwp%2Fv2%2Fcomments&post=52"}],"version-history":[{"count":3,"href":"https:\/\/dermaline-co.pl\/index.php?rest_route=\/wp\/v2\/product\/52\/revisions"}],"predecessor-version":[{"id":370,"href":"https:\/\/dermaline-co.pl\/index.php?rest_route=\/wp\/v2\/product\/52\/revisions\/370"}],"wp:featuredmedia":[{"embeddable":true,"href":"https:\/\/dermaline-co.pl\/index.php?rest_route=\/wp\/v2\/media\/102"}],"wp:attachment":[{"href":"https:\/\/dermaline-co.pl\/index.php?rest_route=%2Fwp%2Fv2%2Fmedia&parent=52"}],"wp:term":[{"taxonomy":"product_brand","embeddable":true,"href":"https:\/\/dermaline-co.pl\/index.php?rest_route=%2Fwp%2Fv2%2Fproduct_brand&post=52"},{"taxonomy":"product_cat","embeddable":true,"href":"https:\/\/dermaline-co.pl\/index.php?rest_route=%2Fwp%2Fv2%2Fproduct_cat&post=52"},{"taxonomy":"product_tag","embeddable":true,"href":"https:\/\/dermaline-co.pl\/index.php?rest_route=%2Fwp%2Fv2%2Fproduct_tag&post=52"}],"curies":[{"name":"wp","href":"https:\/\/api.w.org\/{rel}","templated":true}]}}