{"id":844,"date":"2024-08-28T16:27:38","date_gmt":"2024-08-28T14:27:38","guid":{"rendered":"https:\/\/dermaline-co.pl\/?post_type=product&#038;p=844"},"modified":"2026-04-14T12:33:54","modified_gmt":"2026-04-14T10:33:54","slug":"exo-pdrn-solution-salmon-ampoule-10-000ppm","status":"publish","type":"product","link":"https:\/\/dermaline-co.pl\/?product=exo-pdrn-solution-salmon-ampoule-10-000ppm","title":{"rendered":"EXO PDRN SOLUTION Salmon Ampoule [10.000ppm]"},"content":{"rendered":"<p><strong>35ml<\/strong><\/p>\n<p><strong>Ukierunkowana penetracja sk\u0142adnik\u00f3w aktywnych dla napi\u0119tej i promiennej sk\u00f3ry<\/strong><\/p>\n<p>Uwielbiamy, gdy otrzymujemy to, co obiecuje produkt. Serum udoskonalone za pomoc\u0105 zaawansowanego technologicznie systemu no\u015bnik\u00f3w, tzw. egzosomu, obiecuje napi\u0119t\u0105 i promienn\u0105 sk\u00f3r\u0119, dzi\u0119ki czemu otrzymujemy napi\u0119t\u0105 i promienn\u0105 sk\u00f3r\u0119!<\/p>\n<p>Sprawdzona ju\u017c w\u015br\u00f3d konsument\u00f3w, wiod\u0105ca na \u015bwiecie zawarto\u015b\u0107 PDRN w ampu\u0142ce z \u0142ososiem EXO PDRN SOLUTION wynosz\u0105ca 10 000 ppm zosta\u0142a uzupe\u0142niona o 5000 ppm egzosom\u00f3w &#8211; uzyskanych z Centella asiatica &#8211; kt\u00f3re zapewniaj\u0105 jeszcze skuteczniejsze ukierunkowanie sk\u0142adnik\u00f3w aktywnych.<\/p>\n<p><strong>Aplikacja:<\/strong><\/p>\n<p>Za pomoc\u0105 aplikatora na\u0142\u00f3\u017c odpowiedni\u0105 ilo\u015b\u0107 serum na oczyszczon\u0105 i przygotowan\u0105 tonikiem sk\u00f3r\u0119.<br \/>\nRozprowad\u017a palcami po szyi, dekolcie, twarzy i okolicach oczu.<br \/>\nJako kuracj\u0119 zaleca si\u0119 aplikowa\u0107 trzy razy w tygodniu, pod warunkiem, \u017ce zaleceniem specjalisty jest maksymalna ilo\u015b\u0107 podana przez aplikatora! W przypadku 0,5 ml mo\u017cna go stosowa\u0107 nawet codziennie podczas porannej piel\u0119gnacji.<br \/>\nPrzegl\u0105d najwa\u017cniejszych wydarze\u0144:<\/p>\n<p>Opr\u00f3cz wysokiego st\u0119\u017cenia sk\u0142adnik\u00f3w aktywnych, specjalno\u015bci\u0105 i wyj\u0105tkow\u0105 warto\u015bci\u0105 tego preparatu serum jest mnogo\u015b\u0107 egzosom\u00f3w. Egzosomy to przypominaj\u0105ce b\u0105belki formu\u0142y wytwarzane przez same \u017cywe kom\u00f3rki, kt\u00f3re zapewniaj\u0105 przep\u0142yw materia\u0142u i informacji do kom\u00f3rek organizmu. Ich budowa jest podobna do liposom\u00f3w, jednak w odr\u00f3\u017cnieniu od liposom\u00f3w, egzosomy s\u0105 \u201eadresowane\u201d, wiedz\u0105, dok\u0105d nale\u017cy dostarczy\u0107 ich zawarto\u015b\u0107, dzi\u0119ki czemu wykorzystanie zawartej w nich substancji czynnej jest znakomite w por\u00f3wnaniu z liposomami.<\/p>\n<p>Dzi\u0119ki swojemu g\u0142\u00f3wnemu sk\u0142adnikowi aktywnemu, niacynamidowi, normalizuje funkcjonowanie \u017cywych kom\u00f3rek nab\u0142onka, gruczo\u0142\u00f3w \u0142ojowych i melanocyt\u00f3w. Zawarto\u015b\u0107 PDRN i adenozyny wspomaga mechanizmy regeneracji kom\u00f3rek. Dzi\u0119ki silnym przeciwutleniaj\u0105cym sk\u0142adnikom aktywnym jest doskona\u0142ym \u015brodkiem uspokajaj\u0105cym, przeciwzapalnym i wzmacniaj\u0105cym \u015bciany naczy\u0144 krwiono\u015bnych.<\/p>\n<p><strong>Sk\u0142ad produktu (INCI):<\/strong><\/p>\n<p>Woda, glikol butylenowy, gliceryna, erytrytol, niacynamid, 1,2-heksanodiol, gliceryna-26, DNA sodu, poligliceryna-3, digliceryna, ekstrakt z centella asiatica, pantenol, poliakrylan krospolimeru-6, betaina, etyloheksylogliceryna, akrylan gliceryny\/kopolimer kwasu akrylowego , kwas cytrynowy, adenozyna, kopolimer PVM\/MA, Polyquaternium-51, guma ksantanowa, heksakarboksymetylodipeptyd heptasodowy-12<\/p>\n","protected":false},"excerpt":{"rendered":"<p>35ml Ukierunkowana penetracja sk\u0142adnik\u00f3w aktywnych dla napi\u0119tej i promiennej sk\u00f3ry Uwielbiamy, gdy otrzymujemy to, co obiecuje produkt. Serum udoskonalone za pomoc\u0105 zaawansowanego technologicznie systemu no\u015bnik\u00f3w, tzw. egzosomu, obiecuje napi\u0119t\u0105 i promienn\u0105 sk\u00f3r\u0119, dzi\u0119ki czemu otrzymujemy napi\u0119t\u0105 i promienn\u0105 sk\u00f3r\u0119! Sprawdzona ju\u017c w\u015br\u00f3d konsument\u00f3w, wiod\u0105ca na \u015bwiecie zawarto\u015b\u0107 PDRN w ampu\u0142ce z \u0142ososiem EXO PDRN SOLUTION wynosz\u0105ca 10 000 ppm zosta\u0142a uzupe\u0142niona o 5000 ppm egzosom\u00f3w &#8211; uzyskanych z Centella asiatica &#8211; kt\u00f3re zapewniaj\u0105 jeszcze skuteczniejsze ukierunkowanie sk\u0142adnik\u00f3w aktywnych. Aplikacja: Za pomoc\u0105 aplikatora na\u0142\u00f3\u017c odpowiedni\u0105 ilo\u015b\u0107 serum na oczyszczon\u0105 i przygotowan\u0105 tonikiem sk\u00f3r\u0119. Rozprowad\u017a palcami po szyi, dekolcie, twarzy i okolicach oczu. Jako kuracj\u0119 zaleca si\u0119 aplikowa\u0107 trzy razy w tygodniu, pod warunkiem, \u017ce zaleceniem specjalisty jest maksymalna ilo\u015b\u0107 podana przez aplikatora! W przypadku 0,5 ml mo\u017cna go stosowa\u0107 nawet codziennie podczas porannej piel\u0119gnacji. Przegl\u0105d najwa\u017cniejszych wydarze\u0144: Opr\u00f3cz wysokiego st\u0119\u017cenia sk\u0142adnik\u00f3w aktywnych, specjalno\u015bci\u0105 i wyj\u0105tkow\u0105 warto\u015bci\u0105 tego preparatu serum jest mnogo\u015b\u0107 egzosom\u00f3w. Egzosomy to przypominaj\u0105ce b\u0105belki formu\u0142y wytwarzane przez same \u017cywe kom\u00f3rki, kt\u00f3re zapewniaj\u0105 przep\u0142yw materia\u0142u i informacji do kom\u00f3rek organizmu. Ich budowa jest podobna do liposom\u00f3w, jednak w odr\u00f3\u017cnieniu od liposom\u00f3w, egzosomy s\u0105 \u201eadresowane\u201d, wiedz\u0105, dok\u0105d nale\u017cy dostarczy\u0107 ich zawarto\u015b\u0107, dzi\u0119ki czemu wykorzystanie zawartej w nich substancji czynnej jest znakomite w por\u00f3wnaniu z liposomami. Dzi\u0119ki swojemu g\u0142\u00f3wnemu sk\u0142adnikowi aktywnemu, niacynamidowi, normalizuje funkcjonowanie \u017cywych kom\u00f3rek nab\u0142onka, gruczo\u0142\u00f3w \u0142ojowych i melanocyt\u00f3w. Zawarto\u015b\u0107 PDRN i adenozyny wspomaga mechanizmy regeneracji kom\u00f3rek. Dzi\u0119ki silnym przeciwutleniaj\u0105cym sk\u0142adnikom aktywnym jest doskona\u0142ym \u015brodkiem uspokajaj\u0105cym, przeciwzapalnym i wzmacniaj\u0105cym \u015bciany naczy\u0144 krwiono\u015bnych. Sk\u0142ad produktu (INCI): Woda, glikol butylenowy, gliceryna, erytrytol, niacynamid, 1,2-heksanodiol, gliceryna-26, DNA sodu, poligliceryna-3, digliceryna, ekstrakt z centella asiatica, pantenol, poliakrylan krospolimeru-6, betaina, etyloheksylogliceryna, akrylan gliceryny\/kopolimer kwasu akrylowego , kwas cytrynowy, adenozyna, kopolimer PVM\/MA, Polyquaternium-51, guma ksantanowa, heksakarboksymetylodipeptyd heptasodowy-12<\/p>\n","protected":false},"featured_media":849,"comment_status":"open","ping_status":"closed","template":"","meta":{"_eb_attr":""},"product_brand":[],"product_cat":[21],"product_tag":[],"class_list":{"0":"post-844","1":"product","2":"type-product","3":"status-publish","4":"has-post-thumbnail","6":"product_cat-koncentraty-pdrn-program-domowy","8":"first","9":"onbackorder","10":"shipping-taxable","11":"purchasable","12":"product-type-simple"},"jetpack_sharing_enabled":true,"_links":{"self":[{"href":"https:\/\/dermaline-co.pl\/index.php?rest_route=\/wp\/v2\/product\/844","targetHints":{"allow":["GET"]}}],"collection":[{"href":"https:\/\/dermaline-co.pl\/index.php?rest_route=\/wp\/v2\/product"}],"about":[{"href":"https:\/\/dermaline-co.pl\/index.php?rest_route=\/wp\/v2\/types\/product"}],"replies":[{"embeddable":true,"href":"https:\/\/dermaline-co.pl\/index.php?rest_route=%2Fwp%2Fv2%2Fcomments&post=844"}],"version-history":[{"count":1,"href":"https:\/\/dermaline-co.pl\/index.php?rest_route=\/wp\/v2\/product\/844\/revisions"}],"predecessor-version":[{"id":850,"href":"https:\/\/dermaline-co.pl\/index.php?rest_route=\/wp\/v2\/product\/844\/revisions\/850"}],"wp:featuredmedia":[{"embeddable":true,"href":"https:\/\/dermaline-co.pl\/index.php?rest_route=\/wp\/v2\/media\/849"}],"wp:attachment":[{"href":"https:\/\/dermaline-co.pl\/index.php?rest_route=%2Fwp%2Fv2%2Fmedia&parent=844"}],"wp:term":[{"taxonomy":"product_brand","embeddable":true,"href":"https:\/\/dermaline-co.pl\/index.php?rest_route=%2Fwp%2Fv2%2Fproduct_brand&post=844"},{"taxonomy":"product_cat","embeddable":true,"href":"https:\/\/dermaline-co.pl\/index.php?rest_route=%2Fwp%2Fv2%2Fproduct_cat&post=844"},{"taxonomy":"product_tag","embeddable":true,"href":"https:\/\/dermaline-co.pl\/index.php?rest_route=%2Fwp%2Fv2%2Fproduct_tag&post=844"}],"curies":[{"name":"wp","href":"https:\/\/api.w.org\/{rel}","templated":true}]}}